{"id":465971,"date":"2023-05-23T19:35:59","date_gmt":"2023-05-23T17:35:59","guid":{"rendered":"https:\/\/lucacastelli.com\/prodotto\/ariens-zenith-52r\/"},"modified":"2025-07-22T21:22:17","modified_gmt":"2025-07-22T19:22:17","slug":"ariens-zenith-52r","status":"publish","type":"product","link":"https:\/\/lucacastelli.com\/fr\/produit\/ariens-zenith-52r\/","title":{"rendered":"ARIENS Zenith 52R"},"content":{"rendered":"<p>L&#8217;ARIENS ZENITH est con\u00e7u pour les professionnels. Il b\u00e9n\u00e9ficie de toute notre exp\u00e9rience en tant que l&#8217;un des plus grands fabricants de tracteurs \u00e0 rayon de braquage z\u00e9ro aux Etats-Unis. Plateaux de coupe professionnels avec \u00e9jection lat\u00e9rale ou arri\u00e8re, technologie CBT \u00e0 tension de courroie constante, fourches suspendues, moteur professionnel Kawasaki avec double filtre \u00e0 air, si\u00e8ge confortable \u00e0 suspension totale, ch\u00e2ssis incurv\u00e9, pneus extra larges de 22&#8243;, hydrostats professionnels et arceau de s\u00e9curit\u00e9 de s\u00e9rie. Con\u00e7ue pour la tonte quotidienne avec un maximum de confort pour l&#8217;op\u00e9rateur. \u00c9quip\u00e9e d&#8217;une v\u00e9ritable garantie professionnelle. C&#8217;est ainsi que les professionnels tondent les grandes surfaces.     <\/p>\n<p>Moteur : Kawasaki 726 cm3<br \/>\nVitesse : 13,7 km\/h en marche avant \/ 6,4 km\/h en marche arri\u00e8re<br \/>\nHauteur de coupe : 3,8 &#8211; 12,7 cm (15 niveaux)<br \/>\nEchappement : arri\u00e8re<br \/>\nPoids : 404 kg<br \/>\nDimensions LxLxH : 206 x 134 x 183\/125 cm<\/p>\n","protected":false},"excerpt":{"rendered":"<p>L&#8217;ARIENS ZENITH est con\u00e7u pour les professionnels. Il b\u00e9n\u00e9ficie de toute notre exp\u00e9rience en tant que l&#8217;un des plus grands<\/p>\n","protected":false},"featured_media":56095,"template":"","meta":{"_seopress_robots_primary_cat":"","_seopress_titles_title":"","_seopress_titles_desc":"","_seopress_robots_index":""},"product_brand":[4391],"product_cat":[29,262,548],"product_tag":[],"class_list":{"0":"post-465971","1":"product","2":"type-product","3":"status-publish","4":"has-post-thumbnail","6":"product_brand-ariens","7":"product_cat-macchinari","8":"product_cat-tosaerba-e-robot","9":"product_cat-tosaerba-zero-turn","11":"first","12":"onbackorder","13":"shipping-taxable","14":"purchasable","15":"product-type-simple"},"_links":{"self":[{"href":"https:\/\/lucacastelli.com\/fr\/wp-json\/wp\/v2\/product\/465971","targetHints":{"allow":["GET"]}}],"collection":[{"href":"https:\/\/lucacastelli.com\/fr\/wp-json\/wp\/v2\/product"}],"about":[{"href":"https:\/\/lucacastelli.com\/fr\/wp-json\/wp\/v2\/types\/product"}],"wp:featuredmedia":[{"embeddable":true,"href":"https:\/\/lucacastelli.com\/fr\/wp-json\/wp\/v2\/media\/56095"}],"wp:attachment":[{"href":"https:\/\/lucacastelli.com\/fr\/wp-json\/wp\/v2\/media?parent=465971"}],"wp:term":[{"taxonomy":"product_brand","embeddable":true,"href":"https:\/\/lucacastelli.com\/fr\/wp-json\/wp\/v2\/product_brand?post=465971"},{"taxonomy":"product_cat","embeddable":true,"href":"https:\/\/lucacastelli.com\/fr\/wp-json\/wp\/v2\/product_cat?post=465971"},{"taxonomy":"product_tag","embeddable":true,"href":"https:\/\/lucacastelli.com\/fr\/wp-json\/wp\/v2\/product_tag?post=465971"}],"curies":[{"name":"wp","href":"https:\/\/api.w.org\/{rel}","templated":true}]}}