{"id":465924,"date":"2025-06-01T02:33:48","date_gmt":"2025-06-01T00:33:48","guid":{"rendered":"https:\/\/lucacastelli.com\/prodotto\/scie-a-perche-telescopique\/"},"modified":"2025-06-01T02:33:48","modified_gmt":"2025-06-01T00:33:48","slug":"scie-a-perche-telescopique","status":"publish","type":"product","link":"https:\/\/lucacastelli.com\/fr\/produit\/scie-a-perche-telescopique\/","title":{"rendered":"Scie \u00e0 perche t\u00e9lescopique"},"content":{"rendered":"<p>Scie d\u2019\u00e9branchage de haute qualit\u00e9 pour montage sur une perche t\u00e9lescopique. Lame de scie avec chromage dur et coupelles de collecte. \u00c9galement avec un harpon et une lame droite comme \u00e9corceuse.<br \/>\n795711878870  <\/p>\n","protected":false},"excerpt":{"rendered":"<p>Scie \u00e0 perche t\u00e9lescopique<\/p>\n","protected":false},"featured_media":425044,"template":"","meta":{"_seopress_robots_primary_cat":"","_seopress_titles_title":"","_seopress_titles_desc":"","_seopress_robots_index":""},"product_brand":[3554],"product_cat":[169,1700],"product_tag":[3266],"class_list":{"0":"post-465924","1":"product","2":"type-product","3":"status-publish","4":"has-post-thumbnail","6":"product_brand-stihl-de","7":"product_cat-maschinen","8":"product_cat-forstwirtschaftliche-werkzeuge-und-zubehor","9":"product_tag-import-stihl-de","10":"sws-gruppo-macchinari-fr","11":"sws-conto-ricavi-merci-rivendita-macchinari-fr","12":"sws-gruppo-iva-iva81-fr","14":"first","15":"onbackorder","16":"purchasable","17":"product-type-simple"},"_links":{"self":[{"href":"https:\/\/lucacastelli.com\/fr\/wp-json\/wp\/v2\/product\/465924","targetHints":{"allow":["GET"]}}],"collection":[{"href":"https:\/\/lucacastelli.com\/fr\/wp-json\/wp\/v2\/product"}],"about":[{"href":"https:\/\/lucacastelli.com\/fr\/wp-json\/wp\/v2\/types\/product"}],"wp:featuredmedia":[{"embeddable":true,"href":"https:\/\/lucacastelli.com\/fr\/wp-json\/wp\/v2\/media\/425044"}],"wp:attachment":[{"href":"https:\/\/lucacastelli.com\/fr\/wp-json\/wp\/v2\/media?parent=465924"}],"wp:term":[{"taxonomy":"product_brand","embeddable":true,"href":"https:\/\/lucacastelli.com\/fr\/wp-json\/wp\/v2\/product_brand?post=465924"},{"taxonomy":"product_cat","embeddable":true,"href":"https:\/\/lucacastelli.com\/fr\/wp-json\/wp\/v2\/product_cat?post=465924"},{"taxonomy":"product_tag","embeddable":true,"href":"https:\/\/lucacastelli.com\/fr\/wp-json\/wp\/v2\/product_tag?post=465924"}],"curies":[{"name":"wp","href":"https:\/\/api.w.org\/{rel}","templated":true}]}}