{"id":465918,"date":"2025-06-01T02:33:47","date_gmt":"2025-06-01T00:33:47","guid":{"rendered":"https:\/\/lucacastelli.com\/prodotto\/cisaille-a-haies-ph-10\/"},"modified":"2025-06-01T02:33:47","modified_gmt":"2025-06-01T00:33:47","slug":"cisaille-a-haies-ph-10","status":"publish","type":"product","link":"https:\/\/lucacastelli.com\/fr\/produit\/cisaille-a-haies-ph-10\/","title":{"rendered":"Cisaille \u00e0 haies PH 10"},"content":{"rendered":"<p>Pour les haies douces et tr\u00e8s r\u00e9sistantes, m\u00eame pour les buissons de rue. Ar\u00eates de coupe avec rev\u00eatement sp\u00e9cial, tranchant ondul\u00e9 et rainures liquides, rev\u00eatement anti-corrosion. Connexion de la lame r\u00e9glable sans avoir besoin d\u2019outils. Poign\u00e9es en h\u00eatre. Des amortisseurs qui m\u00e9nagent vos articulations.<br \/>\n795711379445    <\/p>\n","protected":false},"excerpt":{"rendered":"<p>Cisaille \u00e0 haies PH 10<\/p>\n","protected":false},"featured_media":425040,"template":"","meta":{"_seopress_robots_primary_cat":"","_seopress_titles_title":"","_seopress_titles_desc":"","_seopress_robots_index":""},"product_brand":[3554],"product_cat":[169,1700],"product_tag":[3266],"class_list":{"0":"post-465918","1":"product","2":"type-product","3":"status-publish","4":"has-post-thumbnail","6":"product_brand-stihl-de","7":"product_cat-maschinen","8":"product_cat-forstwirtschaftliche-werkzeuge-und-zubehor","9":"product_tag-import-stihl-de","10":"sws-gruppo-macchinari-fr","11":"sws-conto-ricavi-merci-rivendita-macchinari-fr","12":"sws-gruppo-iva-iva81-fr","14":"first","15":"onbackorder","16":"purchasable","17":"product-type-simple"},"_links":{"self":[{"href":"https:\/\/lucacastelli.com\/fr\/wp-json\/wp\/v2\/product\/465918","targetHints":{"allow":["GET"]}}],"collection":[{"href":"https:\/\/lucacastelli.com\/fr\/wp-json\/wp\/v2\/product"}],"about":[{"href":"https:\/\/lucacastelli.com\/fr\/wp-json\/wp\/v2\/types\/product"}],"wp:featuredmedia":[{"embeddable":true,"href":"https:\/\/lucacastelli.com\/fr\/wp-json\/wp\/v2\/media\/425040"}],"wp:attachment":[{"href":"https:\/\/lucacastelli.com\/fr\/wp-json\/wp\/v2\/media?parent=465918"}],"wp:term":[{"taxonomy":"product_brand","embeddable":true,"href":"https:\/\/lucacastelli.com\/fr\/wp-json\/wp\/v2\/product_brand?post=465918"},{"taxonomy":"product_cat","embeddable":true,"href":"https:\/\/lucacastelli.com\/fr\/wp-json\/wp\/v2\/product_cat?post=465918"},{"taxonomy":"product_tag","embeddable":true,"href":"https:\/\/lucacastelli.com\/fr\/wp-json\/wp\/v2\/product_tag?post=465918"}],"curies":[{"name":"wp","href":"https:\/\/api.w.org\/{rel}","templated":true}]}}