{"id":465915,"date":"2025-06-01T02:33:41","date_gmt":"2025-06-01T00:33:41","guid":{"rendered":"https:\/\/lucacastelli.com\/prodotto\/cisaille-de-derivation-legere\/"},"modified":"2025-06-01T02:33:41","modified_gmt":"2025-06-01T00:33:41","slug":"cisaille-de-derivation-legere","status":"publish","type":"product","link":"https:\/\/lucacastelli.com\/fr\/produit\/cisaille-de-derivation-legere\/","title":{"rendered":"Cisaille de d\u00e9rivation, l\u00e9g\u00e8re"},"content":{"rendered":"<p>Lames forg\u00e9es, tr\u00e8s robustes avec rainure pour la s\u00e8ve, pour la coupe des plantes. T\u00eate de coupe lubrifi\u00e9e \u00e0 l\u2019int\u00e9rieur. Contre-lame fendue pour \u00e9viter que le mat\u00e9riau \u00e0 couper ne glisse. Poign\u00e9es en aluminium avec poign\u00e9es ergonomiques et amortisseurs pour une coupe qui ne fatigue pas les articulations. L\u00e9ger, 60 cm, 1 000 g, \u00d8 3,0 cm.<br \/>\n795711333041    <\/p>\n","protected":false},"excerpt":{"rendered":"<p>Cisaille de d\u00e9rivation, l\u00e9g\u00e8re<\/p>\n","protected":false},"featured_media":425032,"template":"","meta":{"_seopress_robots_primary_cat":"","_seopress_titles_title":"","_seopress_titles_desc":"","_seopress_robots_index":""},"product_brand":[3366],"product_cat":[29,484],"product_tag":[3265],"class_list":{"0":"post-465915","1":"product","2":"type-product","3":"status-publish","4":"has-post-thumbnail","6":"product_brand-stihl","7":"product_cat-macchinari","8":"product_cat-utensili-e-accessori-forestali","9":"product_tag-import-stihl","10":"sws-gruppo-macchinari-fr","11":"sws-conto-ricavi-merci-rivendita-macchinari-fr","12":"sws-gruppo-iva-iva81-fr","14":"first","15":"onbackorder","16":"purchasable","17":"product-type-simple"},"_links":{"self":[{"href":"https:\/\/lucacastelli.com\/fr\/wp-json\/wp\/v2\/product\/465915","targetHints":{"allow":["GET"]}}],"collection":[{"href":"https:\/\/lucacastelli.com\/fr\/wp-json\/wp\/v2\/product"}],"about":[{"href":"https:\/\/lucacastelli.com\/fr\/wp-json\/wp\/v2\/types\/product"}],"wp:featuredmedia":[{"embeddable":true,"href":"https:\/\/lucacastelli.com\/fr\/wp-json\/wp\/v2\/media\/425032"}],"wp:attachment":[{"href":"https:\/\/lucacastelli.com\/fr\/wp-json\/wp\/v2\/media?parent=465915"}],"wp:term":[{"taxonomy":"product_brand","embeddable":true,"href":"https:\/\/lucacastelli.com\/fr\/wp-json\/wp\/v2\/product_brand?post=465915"},{"taxonomy":"product_cat","embeddable":true,"href":"https:\/\/lucacastelli.com\/fr\/wp-json\/wp\/v2\/product_cat?post=465915"},{"taxonomy":"product_tag","embeddable":true,"href":"https:\/\/lucacastelli.com\/fr\/wp-json\/wp\/v2\/product_tag?post=465915"}],"curies":[{"name":"wp","href":"https:\/\/api.w.org\/{rel}","templated":true}]}}