{"id":465910,"date":"2025-06-01T02:33:33","date_gmt":"2025-06-01T00:33:33","guid":{"rendered":"https:\/\/lucacastelli.com\/?post_type=product&#038;p=465910"},"modified":"2026-03-09T00:37:13","modified_gmt":"2026-03-08T23:37:13","slug":"cisaille-amboss-dynamic","status":"publish","type":"product","link":"https:\/\/lucacastelli.com\/fr\/produit\/cisaille-amboss-dynamic\/","title":{"rendered":"S\u00e9cateur \u00e0 enclume DYNAMIC"},"content":{"rendered":"<p>Pour un usage professionnel. Poign\u00e9es en aluminium, facilement interchangeables, lames avec rev\u00eatement antiadh\u00e9sif, d\u00e9multiplicateur de force, poign\u00e9es avec protection pour les mains. Longueur 800 mm.<br \/>\n795711329266  <\/p>\n","protected":false},"excerpt":{"rendered":"<p>S\u00e9cateur \u00e0 enclume DYNAMIC<\/p>\n","protected":false},"featured_media":482317,"template":"","meta":{"_seopress_robots_primary_cat":"","_seopress_titles_title":"","_seopress_titles_desc":"","_seopress_robots_index":""},"product_brand":[3366],"product_cat":[29,484],"product_tag":[3265],"class_list":{"0":"post-465910","1":"product","2":"type-product","3":"status-publish","4":"has-post-thumbnail","6":"product_brand-stihl","7":"product_cat-macchinari","8":"product_cat-utensili-e-accessori-forestali","9":"product_tag-import-stihl","10":"sws-gruppo-macchinari-fr","11":"sws-conto-ricavi-merci-rivendita-macchinari-fr","12":"sws-gruppo-iva-iva81-fr","14":"first","15":"onbackorder","16":"purchasable","17":"product-type-simple"},"_links":{"self":[{"href":"https:\/\/lucacastelli.com\/fr\/wp-json\/wp\/v2\/product\/465910","targetHints":{"allow":["GET"]}}],"collection":[{"href":"https:\/\/lucacastelli.com\/fr\/wp-json\/wp\/v2\/product"}],"about":[{"href":"https:\/\/lucacastelli.com\/fr\/wp-json\/wp\/v2\/types\/product"}],"wp:featuredmedia":[{"embeddable":true,"href":"https:\/\/lucacastelli.com\/fr\/wp-json\/wp\/v2\/media\/482317"}],"wp:attachment":[{"href":"https:\/\/lucacastelli.com\/fr\/wp-json\/wp\/v2\/media?parent=465910"}],"wp:term":[{"taxonomy":"product_brand","embeddable":true,"href":"https:\/\/lucacastelli.com\/fr\/wp-json\/wp\/v2\/product_brand?post=465910"},{"taxonomy":"product_cat","embeddable":true,"href":"https:\/\/lucacastelli.com\/fr\/wp-json\/wp\/v2\/product_cat?post=465910"},{"taxonomy":"product_tag","embeddable":true,"href":"https:\/\/lucacastelli.com\/fr\/wp-json\/wp\/v2\/product_tag?post=465910"}],"curies":[{"name":"wp","href":"https:\/\/api.w.org\/{rel}","templated":true}]}}