{"id":465904,"date":"2025-06-01T02:33:23","date_gmt":"2025-06-01T00:33:23","guid":{"rendered":"https:\/\/lucacastelli.com\/?post_type=product&#038;p=465904"},"modified":"2025-07-03T09:44:09","modified_gmt":"2025-07-03T07:44:09","slug":"cisaillement-de-derivation-dynamique","status":"publish","type":"product","link":"https:\/\/lucacastelli.com\/fr\/produit\/cisaillement-de-derivation-dynamique\/","title":{"rendered":"Cisaillement de d\u00e9rivation, dynamique"},"content":{"rendered":"<p>Poign\u00e9es en aluminium facilement interchangeables, lames avec rev\u00eatement antiadh\u00e9sif, amortisseur stable, poign\u00e9es avec protection des mains. Longueur 800 mm.<br \/>\n795711329259 <\/p>\n","protected":false},"excerpt":{"rendered":"<p>Cisaillement de d\u00e9rivation, dynamique<\/p>\n","protected":false},"featured_media":482321,"template":"","meta":{"_seopress_robots_primary_cat":"","_seopress_titles_title":"","_seopress_titles_desc":"","_seopress_robots_index":""},"product_brand":[3366],"product_cat":[29,484],"product_tag":[3265],"class_list":{"0":"post-465904","1":"product","2":"type-product","3":"status-publish","4":"has-post-thumbnail","6":"product_brand-stihl","7":"product_cat-macchinari","8":"product_cat-utensili-e-accessori-forestali","9":"product_tag-import-stihl","10":"sws-gruppo-macchinari-fr","11":"sws-gruppo-iva-iva81-fr","13":"first","14":"onbackorder","15":"purchasable","16":"product-type-simple"},"_links":{"self":[{"href":"https:\/\/lucacastelli.com\/fr\/wp-json\/wp\/v2\/product\/465904","targetHints":{"allow":["GET"]}}],"collection":[{"href":"https:\/\/lucacastelli.com\/fr\/wp-json\/wp\/v2\/product"}],"about":[{"href":"https:\/\/lucacastelli.com\/fr\/wp-json\/wp\/v2\/types\/product"}],"wp:featuredmedia":[{"embeddable":true,"href":"https:\/\/lucacastelli.com\/fr\/wp-json\/wp\/v2\/media\/482321"}],"wp:attachment":[{"href":"https:\/\/lucacastelli.com\/fr\/wp-json\/wp\/v2\/media?parent=465904"}],"wp:term":[{"taxonomy":"product_brand","embeddable":true,"href":"https:\/\/lucacastelli.com\/fr\/wp-json\/wp\/v2\/product_brand?post=465904"},{"taxonomy":"product_cat","embeddable":true,"href":"https:\/\/lucacastelli.com\/fr\/wp-json\/wp\/v2\/product_cat?post=465904"},{"taxonomy":"product_tag","embeddable":true,"href":"https:\/\/lucacastelli.com\/fr\/wp-json\/wp\/v2\/product_tag?post=465904"}],"curies":[{"name":"wp","href":"https:\/\/api.w.org\/{rel}","templated":true}]}}