{"id":465903,"date":"2025-06-01T02:33:14","date_gmt":"2025-06-01T00:33:14","guid":{"rendered":"https:\/\/lucacastelli.com\/prodotto\/gartenschere-amboss-pg-25-195-cm\/"},"modified":"2025-06-01T02:33:14","modified_gmt":"2025-06-01T00:33:14","slug":"gartenschere-amboss-pg-25-195-cm","status":"publish","type":"product","link":"https:\/\/lucacastelli.com\/fr\/produit\/gartenschere-amboss-pg-25-195-cm\/","title":{"rendered":"Gartensch\u00e8re Amboss PG 25, 19,5 cm"},"content":{"rendered":"<p>La puissante tondeuse \u00e0 essence pour grandes superficies jusqu\u2019\u00e0 2000 m\u00b2. Avec traction Vario et moteur ReadyStart. Solide carter en aluminium avec renforts lat\u00e9raux rempla\u00e7ables et protection \u00e0 l\u2019avant. Recommand\u00e9e pour l\u2019utilisation sur de grandes surfaces d\u2019herbe.<br \/>\n795711150112   <\/p>\n","protected":false},"excerpt":{"rendered":"<p>Gartensch\u00e8re Amboss PG 25, 19,5 cm<\/p>\n","protected":false},"featured_media":424996,"template":"","meta":{"_seopress_robots_primary_cat":"","_seopress_titles_title":"","_seopress_titles_desc":"","_seopress_robots_index":""},"product_brand":[3366],"product_cat":[29,484],"product_tag":[3265],"class_list":{"0":"post-465903","1":"product","2":"type-product","3":"status-publish","4":"has-post-thumbnail","6":"product_brand-stihl","7":"product_cat-macchinari","8":"product_cat-utensili-e-accessori-forestali","9":"product_tag-import-stihl","10":"sws-gruppo-macchinari-fr","11":"sws-conto-ricavi-merci-rivendita-macchinari-fr","12":"sws-gruppo-iva-iva81-fr","14":"first","15":"onbackorder","16":"purchasable","17":"product-type-simple"},"_links":{"self":[{"href":"https:\/\/lucacastelli.com\/fr\/wp-json\/wp\/v2\/product\/465903","targetHints":{"allow":["GET"]}}],"collection":[{"href":"https:\/\/lucacastelli.com\/fr\/wp-json\/wp\/v2\/product"}],"about":[{"href":"https:\/\/lucacastelli.com\/fr\/wp-json\/wp\/v2\/types\/product"}],"wp:featuredmedia":[{"embeddable":true,"href":"https:\/\/lucacastelli.com\/fr\/wp-json\/wp\/v2\/media\/424996"}],"wp:attachment":[{"href":"https:\/\/lucacastelli.com\/fr\/wp-json\/wp\/v2\/media?parent=465903"}],"wp:term":[{"taxonomy":"product_brand","embeddable":true,"href":"https:\/\/lucacastelli.com\/fr\/wp-json\/wp\/v2\/product_brand?post=465903"},{"taxonomy":"product_cat","embeddable":true,"href":"https:\/\/lucacastelli.com\/fr\/wp-json\/wp\/v2\/product_cat?post=465903"},{"taxonomy":"product_tag","embeddable":true,"href":"https:\/\/lucacastelli.com\/fr\/wp-json\/wp\/v2\/product_tag?post=465903"}],"curies":[{"name":"wp","href":"https:\/\/api.w.org\/{rel}","templated":true}]}}