{"id":465898,"date":"2025-06-01T02:33:21","date_gmt":"2025-06-01T00:33:21","guid":{"rendered":"https:\/\/lucacastelli.com\/prodotto\/cisaille-amboss\/"},"modified":"2026-03-09T00:37:13","modified_gmt":"2026-03-08T23:37:13","slug":"cisaille-amboss","status":"publish","type":"product","link":"https:\/\/lucacastelli.com\/fr\/produit\/cisaille-amboss\/","title":{"rendered":"STIHL S\u00e9cateur \u00e0 enclume"},"content":{"rendered":"<p>S\u00e9cateur avec poign\u00e9e en aluminium. Mod\u00e8le enti\u00e8rement m\u00e9tallique et r\u00e9glable. Longueur 800 mm.<br \/>\n795711162689  <\/p>\n","protected":false},"excerpt":{"rendered":"<p>S\u00e9cateur \u00e0 enclume<\/p>\n","protected":false},"featured_media":425010,"template":"","meta":{"_seopress_robots_primary_cat":"","_seopress_titles_title":"","_seopress_titles_desc":"","_seopress_robots_index":""},"product_brand":[3555],"product_cat":[167,1685],"product_tag":[3267],"class_list":{"0":"post-465898","1":"product","2":"type-product","3":"status-publish","4":"has-post-thumbnail","6":"product_brand-stihl-fr","7":"product_cat-machines","8":"product_cat-outils-et-accessoires-forestiers","9":"product_tag-import-stihl-fr","10":"sws-gruppo-macchinari-fr","11":"sws-conto-ricavi-merci-rivendita-macchinari-fr","12":"sws-gruppo-iva-iva81-fr","14":"first","15":"onbackorder","16":"purchasable","17":"product-type-simple"},"_links":{"self":[{"href":"https:\/\/lucacastelli.com\/fr\/wp-json\/wp\/v2\/product\/465898","targetHints":{"allow":["GET"]}}],"collection":[{"href":"https:\/\/lucacastelli.com\/fr\/wp-json\/wp\/v2\/product"}],"about":[{"href":"https:\/\/lucacastelli.com\/fr\/wp-json\/wp\/v2\/types\/product"}],"wp:featuredmedia":[{"embeddable":true,"href":"https:\/\/lucacastelli.com\/fr\/wp-json\/wp\/v2\/media\/425010"}],"wp:attachment":[{"href":"https:\/\/lucacastelli.com\/fr\/wp-json\/wp\/v2\/media?parent=465898"}],"wp:term":[{"taxonomy":"product_brand","embeddable":true,"href":"https:\/\/lucacastelli.com\/fr\/wp-json\/wp\/v2\/product_brand?post=465898"},{"taxonomy":"product_cat","embeddable":true,"href":"https:\/\/lucacastelli.com\/fr\/wp-json\/wp\/v2\/product_cat?post=465898"},{"taxonomy":"product_tag","embeddable":true,"href":"https:\/\/lucacastelli.com\/fr\/wp-json\/wp\/v2\/product_tag?post=465898"}],"curies":[{"name":"wp","href":"https:\/\/api.w.org\/{rel}","templated":true}]}}