{"id":465897,"date":"2025-06-01T02:33:07","date_gmt":"2025-06-01T00:33:07","guid":{"rendered":"https:\/\/lucacastelli.com\/prodotto\/cisaille-de-jardin-professionnelle\/"},"modified":"2026-03-02T11:25:11","modified_gmt":"2026-03-02T10:25:11","slug":"cisaille-de-jardin-professionnelle","status":"publish","type":"product","link":"https:\/\/lucacastelli.com\/fr\/produit\/cisaille-de-jardin-professionnelle\/","title":{"rendered":"STIHL S\u00e9cateur professionnel"},"content":{"rendered":"<p>Mod\u00e8le professionnel, enti\u00e8rement forg\u00e9, chrom\u00e9, pour la taille des plantes. Lame avec coupe-fil, facilement rempla\u00e7able. Contre-lame avec rainure \u00e0 s\u00e8ve. Poign\u00e9es amorties, rev\u00eatement synth\u00e9tique.<br \/>\n795711150105   <\/p>\n","protected":false},"excerpt":{"rendered":"<p>S\u00e9cateur professionnel<\/p>\n","protected":false},"featured_media":424994,"template":"","meta":{"_seopress_robots_primary_cat":"","_seopress_titles_title":"","_seopress_titles_desc":"","_seopress_robots_index":""},"product_brand":[3366],"product_cat":[29,484],"product_tag":[3265],"class_list":{"0":"post-465897","1":"product","2":"type-product","3":"status-publish","4":"has-post-thumbnail","6":"product_brand-stihl","7":"product_cat-macchinari","8":"product_cat-utensili-e-accessori-forestali","9":"product_tag-import-stihl","10":"sws-gruppo-macchinari-fr","11":"sws-conto-ricavi-merci-rivendita-macchinari-fr","12":"sws-gruppo-iva-iva81-fr","14":"first","15":"onbackorder","16":"purchasable","17":"product-type-simple"},"_links":{"self":[{"href":"https:\/\/lucacastelli.com\/fr\/wp-json\/wp\/v2\/product\/465897","targetHints":{"allow":["GET"]}}],"collection":[{"href":"https:\/\/lucacastelli.com\/fr\/wp-json\/wp\/v2\/product"}],"about":[{"href":"https:\/\/lucacastelli.com\/fr\/wp-json\/wp\/v2\/types\/product"}],"wp:featuredmedia":[{"embeddable":true,"href":"https:\/\/lucacastelli.com\/fr\/wp-json\/wp\/v2\/media\/424994"}],"wp:attachment":[{"href":"https:\/\/lucacastelli.com\/fr\/wp-json\/wp\/v2\/media?parent=465897"}],"wp:term":[{"taxonomy":"product_brand","embeddable":true,"href":"https:\/\/lucacastelli.com\/fr\/wp-json\/wp\/v2\/product_brand?post=465897"},{"taxonomy":"product_cat","embeddable":true,"href":"https:\/\/lucacastelli.com\/fr\/wp-json\/wp\/v2\/product_cat?post=465897"},{"taxonomy":"product_tag","embeddable":true,"href":"https:\/\/lucacastelli.com\/fr\/wp-json\/wp\/v2\/product_tag?post=465897"}],"curies":[{"name":"wp","href":"https:\/\/api.w.org\/{rel}","templated":true}]}}