{"id":465894,"date":"2025-06-01T02:32:34","date_gmt":"2025-06-01T00:32:34","guid":{"rendered":"https:\/\/lucacastelli.com\/prodotto\/bandouliere-pour-travaux-forestiers-advance-x-treem\/"},"modified":"2026-03-02T10:08:56","modified_gmt":"2026-03-02T09:08:56","slug":"bandouliere-pour-travaux-forestiers-advance-x-treem","status":"publish","type":"product","link":"https:\/\/lucacastelli.com\/fr\/produit\/bandouliere-pour-travaux-forestiers-advance-x-treem\/","title":{"rendered":"STIHL Harnais forestier, ADVANCE X-TREEm"},"content":{"rendered":"<p>Ergonomie parfaite pour une utilisation prolong\u00e9e lors de travaux forestiers avec scie circulaire. Ajustement optimal gr\u00e2ce \u00e0 la longueur r\u00e9glable de la partie dorsale et \u00e0 la r\u00e9partition du poids sur les hanches et les \u00e9paules, FS 89 FS 560, FSA 90.<br \/>\n886661476947 <\/p>\n","protected":false},"excerpt":{"rendered":"<p>Harnais forestier, ADVANCE X-TREEm<\/p>\n","protected":false},"featured_media":424959,"template":"","meta":{"_seopress_robots_primary_cat":"none","_seopress_titles_title":"","_seopress_titles_desc":"","_seopress_robots_index":""},"product_brand":[3366],"product_cat":[29,484],"product_tag":[3265],"class_list":{"0":"post-465894","1":"product","2":"type-product","3":"status-publish","4":"has-post-thumbnail","6":"product_brand-stihl","7":"product_cat-macchinari","8":"product_cat-utensili-e-accessori-forestali","9":"product_tag-import-stihl","10":"sws-gruppo-macchinari-fr","11":"sws-conto-ricavi-merci-rivendita-macchinari-fr","12":"sws-gruppo-iva-iva81-fr","14":"first","15":"onbackorder","16":"purchasable","17":"product-type-simple"},"_links":{"self":[{"href":"https:\/\/lucacastelli.com\/fr\/wp-json\/wp\/v2\/product\/465894","targetHints":{"allow":["GET"]}}],"collection":[{"href":"https:\/\/lucacastelli.com\/fr\/wp-json\/wp\/v2\/product"}],"about":[{"href":"https:\/\/lucacastelli.com\/fr\/wp-json\/wp\/v2\/types\/product"}],"wp:featuredmedia":[{"embeddable":true,"href":"https:\/\/lucacastelli.com\/fr\/wp-json\/wp\/v2\/media\/424959"}],"wp:attachment":[{"href":"https:\/\/lucacastelli.com\/fr\/wp-json\/wp\/v2\/media?parent=465894"}],"wp:term":[{"taxonomy":"product_brand","embeddable":true,"href":"https:\/\/lucacastelli.com\/fr\/wp-json\/wp\/v2\/product_brand?post=465894"},{"taxonomy":"product_cat","embeddable":true,"href":"https:\/\/lucacastelli.com\/fr\/wp-json\/wp\/v2\/product_cat?post=465894"},{"taxonomy":"product_tag","embeddable":true,"href":"https:\/\/lucacastelli.com\/fr\/wp-json\/wp\/v2\/product_tag?post=465894"}],"curies":[{"name":"wp","href":"https:\/\/api.w.org\/{rel}","templated":true}]}}