{"id":465890,"date":"2025-06-01T02:33:04","date_gmt":"2025-06-01T00:33:04","guid":{"rendered":"https:\/\/lucacastelli.com\/prodotto\/cisaille-de-jardin-universelle\/"},"modified":"2025-06-01T02:33:04","modified_gmt":"2025-06-01T00:33:04","slug":"cisaille-de-jardin-universelle","status":"publish","type":"product","link":"https:\/\/lucacastelli.com\/fr\/produit\/cisaille-de-jardin-universelle\/","title":{"rendered":"Cisaille de jardin, universelle"},"content":{"rendered":"<p>Conception universelle, robuste et enti\u00e8rement forg\u00e9e pour les installations de d\u00e9coupe. Corps chrom\u00e9, avec protection anti-corrosion, lames r\u00e9aff\u00fbtables et section de coupe de fil. Poign\u00e9es ergonomiques recouvertes de mati\u00e8re synth\u00e9tique.<br \/>\n795711150099  <\/p>\n","protected":false},"excerpt":{"rendered":"<p>Cisaille de jardin, universelle<\/p>\n","protected":false},"featured_media":424988,"template":"","meta":{"_seopress_robots_primary_cat":"","_seopress_titles_title":"","_seopress_titles_desc":"","_seopress_robots_index":""},"product_brand":[3366],"product_cat":[29,484],"product_tag":[3265],"class_list":{"0":"post-465890","1":"product","2":"type-product","3":"status-publish","4":"has-post-thumbnail","6":"product_brand-stihl","7":"product_cat-macchinari","8":"product_cat-utensili-e-accessori-forestali","9":"product_tag-import-stihl","10":"sws-gruppo-macchinari-fr","11":"sws-conto-ricavi-merci-rivendita-macchinari-fr","12":"sws-gruppo-iva-iva81-fr","14":"first","15":"onbackorder","16":"purchasable","17":"product-type-simple"},"_links":{"self":[{"href":"https:\/\/lucacastelli.com\/fr\/wp-json\/wp\/v2\/product\/465890","targetHints":{"allow":["GET"]}}],"collection":[{"href":"https:\/\/lucacastelli.com\/fr\/wp-json\/wp\/v2\/product"}],"about":[{"href":"https:\/\/lucacastelli.com\/fr\/wp-json\/wp\/v2\/types\/product"}],"wp:featuredmedia":[{"embeddable":true,"href":"https:\/\/lucacastelli.com\/fr\/wp-json\/wp\/v2\/media\/424988"}],"wp:attachment":[{"href":"https:\/\/lucacastelli.com\/fr\/wp-json\/wp\/v2\/media?parent=465890"}],"wp:term":[{"taxonomy":"product_brand","embeddable":true,"href":"https:\/\/lucacastelli.com\/fr\/wp-json\/wp\/v2\/product_brand?post=465890"},{"taxonomy":"product_cat","embeddable":true,"href":"https:\/\/lucacastelli.com\/fr\/wp-json\/wp\/v2\/product_cat?post=465890"},{"taxonomy":"product_tag","embeddable":true,"href":"https:\/\/lucacastelli.com\/fr\/wp-json\/wp\/v2\/product_tag?post=465890"}],"curies":[{"name":"wp","href":"https:\/\/api.w.org\/{rel}","templated":true}]}}