{"id":465889,"date":"2025-06-01T02:32:32","date_gmt":"2025-06-01T00:32:32","guid":{"rendered":"https:\/\/lucacastelli.com\/prodotto\/bandouliere-universelle-advance-plus-orange-signal\/"},"modified":"2025-06-01T02:32:32","modified_gmt":"2025-06-01T00:32:32","slug":"bandouliere-universelle-advance-plus-orange-signal","status":"publish","type":"product","link":"https:\/\/lucacastelli.com\/fr\/produit\/bandouliere-universelle-advance-plus-orange-signal\/","title":{"rendered":"Bandouli\u00e8re universelle ADVANCE PLUS, orange signal"},"content":{"rendered":"<p>Effet de signalisation puissant. Compl\u00e9ment id\u00e9al pour les v\u00eatements de signalisation lors des travaux de tonte dans les zones dangereuses, avec mousqueton confortable pour une fixation et un d\u00e9verrouillage rapides et faciles de la d\u00e9broussailleuse, pour FS 50, FS 560 et FSA 90.<br \/>\n886661187683 <\/p>\n","protected":false},"excerpt":{"rendered":"<p>Bandouli\u00e8re universelle ADVANCE PLUS, orange signal<\/p>\n","protected":false},"featured_media":424953,"template":"","meta":{"_seopress_robots_primary_cat":"","_seopress_titles_title":"","_seopress_titles_desc":"","_seopress_robots_index":""},"product_brand":[3555],"product_cat":[167,1685],"product_tag":[3267],"class_list":{"0":"post-465889","1":"product","2":"type-product","3":"status-publish","4":"has-post-thumbnail","6":"product_brand-stihl-fr","7":"product_cat-machines","8":"product_cat-outils-et-accessoires-forestiers","9":"product_tag-import-stihl-fr","10":"sws-gruppo-macchinari-fr","11":"sws-conto-ricavi-merci-rivendita-macchinari-fr","12":"sws-gruppo-iva-iva81-fr","14":"first","15":"onbackorder","16":"purchasable","17":"product-type-simple"},"_links":{"self":[{"href":"https:\/\/lucacastelli.com\/fr\/wp-json\/wp\/v2\/product\/465889","targetHints":{"allow":["GET"]}}],"collection":[{"href":"https:\/\/lucacastelli.com\/fr\/wp-json\/wp\/v2\/product"}],"about":[{"href":"https:\/\/lucacastelli.com\/fr\/wp-json\/wp\/v2\/types\/product"}],"wp:featuredmedia":[{"embeddable":true,"href":"https:\/\/lucacastelli.com\/fr\/wp-json\/wp\/v2\/media\/424953"}],"wp:attachment":[{"href":"https:\/\/lucacastelli.com\/fr\/wp-json\/wp\/v2\/media?parent=465889"}],"wp:term":[{"taxonomy":"product_brand","embeddable":true,"href":"https:\/\/lucacastelli.com\/fr\/wp-json\/wp\/v2\/product_brand?post=465889"},{"taxonomy":"product_cat","embeddable":true,"href":"https:\/\/lucacastelli.com\/fr\/wp-json\/wp\/v2\/product_cat?post=465889"},{"taxonomy":"product_tag","embeddable":true,"href":"https:\/\/lucacastelli.com\/fr\/wp-json\/wp\/v2\/product_tag?post=465889"}],"curies":[{"name":"wp","href":"https:\/\/api.w.org\/{rel}","templated":true}]}}