{"id":465884,"date":"2025-06-01T02:32:19","date_gmt":"2025-06-01T00:32:19","guid":{"rendered":"https:\/\/lucacastelli.com\/prodotto\/cisailles-de-jardin-modele-de-base\/"},"modified":"2025-06-01T02:32:19","modified_gmt":"2025-06-01T00:32:19","slug":"cisailles-de-jardin-modele-de-base","status":"publish","type":"product","link":"https:\/\/lucacastelli.com\/fr\/produit\/cisailles-de-jardin-modele-de-base\/","title":{"rendered":"Cisailles de jardin, mod\u00e8le de base"},"content":{"rendered":"<p>Mod\u00e8le de base pour la d\u00e9coupe des plantes. Corps en aluminium avec rev\u00eatement pour un travail plus agr\u00e9able par temps froid. Fermeture pratique d\u2019une seule main pour un rangement s\u00e9curis\u00e9.<br \/>\n795711083137  <\/p>\n","protected":false},"excerpt":{"rendered":"<p>Cisailles de jardin, mod\u00e8le de base<\/p>\n","protected":false},"featured_media":424942,"template":"","meta":{"_seopress_robots_primary_cat":"","_seopress_titles_title":"","_seopress_titles_desc":"","_seopress_robots_index":""},"product_brand":[3555],"product_cat":[167,1685],"product_tag":[3267],"class_list":{"0":"post-465884","1":"product","2":"type-product","3":"status-publish","4":"has-post-thumbnail","6":"product_brand-stihl-fr","7":"product_cat-machines","8":"product_cat-outils-et-accessoires-forestiers","9":"product_tag-import-stihl-fr","10":"sws-gruppo-macchinari-fr","11":"sws-conto-ricavi-merci-rivendita-macchinari-fr","12":"sws-gruppo-iva-iva81-fr","14":"first","15":"onbackorder","16":"purchasable","17":"product-type-simple"},"_links":{"self":[{"href":"https:\/\/lucacastelli.com\/fr\/wp-json\/wp\/v2\/product\/465884","targetHints":{"allow":["GET"]}}],"collection":[{"href":"https:\/\/lucacastelli.com\/fr\/wp-json\/wp\/v2\/product"}],"about":[{"href":"https:\/\/lucacastelli.com\/fr\/wp-json\/wp\/v2\/types\/product"}],"wp:featuredmedia":[{"embeddable":true,"href":"https:\/\/lucacastelli.com\/fr\/wp-json\/wp\/v2\/media\/424942"}],"wp:attachment":[{"href":"https:\/\/lucacastelli.com\/fr\/wp-json\/wp\/v2\/media?parent=465884"}],"wp:term":[{"taxonomy":"product_brand","embeddable":true,"href":"https:\/\/lucacastelli.com\/fr\/wp-json\/wp\/v2\/product_brand?post=465884"},{"taxonomy":"product_cat","embeddable":true,"href":"https:\/\/lucacastelli.com\/fr\/wp-json\/wp\/v2\/product_cat?post=465884"},{"taxonomy":"product_tag","embeddable":true,"href":"https:\/\/lucacastelli.com\/fr\/wp-json\/wp\/v2\/product_tag?post=465884"}],"curies":[{"name":"wp","href":"https:\/\/api.w.org\/{rel}","templated":true}]}}