{"id":465873,"date":"2025-06-01T02:31:49","date_gmt":"2025-06-01T00:31:49","guid":{"rendered":"https:\/\/lucacastelli.com\/prodotto\/attelage-de-remorque-fz-10\/"},"modified":"2025-06-01T02:31:49","modified_gmt":"2025-06-01T00:31:49","slug":"attelage-de-remorque-fz-10","status":"publish","type":"product","link":"https:\/\/lucacastelli.com\/fr\/produit\/attelage-de-remorque-fz-10\/","title":{"rendered":"Attelage de remorque FZ 10"},"content":{"rendered":"<p>Pour tracter des b\u00fbches en accrochant simplement la b\u00fbche gr\u00e2ce \u00e0 la pointe ac\u00e9r\u00e9e. Acier tremp\u00e9 de haute qualit\u00e9, poign\u00e9e confortable.<br \/>\n886661362417 <\/p>\n","protected":false},"excerpt":{"rendered":"<p>Attelage de remorque FZ 10<\/p>\n","protected":false},"featured_media":424895,"template":"","meta":{"_seopress_robots_primary_cat":"","_seopress_titles_title":"","_seopress_titles_desc":"","_seopress_robots_index":""},"product_brand":[3366],"product_cat":[29,484],"product_tag":[3265],"class_list":{"0":"post-465873","1":"product","2":"type-product","3":"status-publish","4":"has-post-thumbnail","6":"product_brand-stihl","7":"product_cat-macchinari","8":"product_cat-utensili-e-accessori-forestali","9":"product_tag-import-stihl","10":"sws-gruppo-macchinari-fr","11":"sws-conto-ricavi-merci-rivendita-macchinari-fr","12":"sws-gruppo-iva-iva81-fr","14":"first","15":"onbackorder","16":"purchasable","17":"product-type-simple"},"_links":{"self":[{"href":"https:\/\/lucacastelli.com\/fr\/wp-json\/wp\/v2\/product\/465873","targetHints":{"allow":["GET"]}}],"collection":[{"href":"https:\/\/lucacastelli.com\/fr\/wp-json\/wp\/v2\/product"}],"about":[{"href":"https:\/\/lucacastelli.com\/fr\/wp-json\/wp\/v2\/types\/product"}],"wp:featuredmedia":[{"embeddable":true,"href":"https:\/\/lucacastelli.com\/fr\/wp-json\/wp\/v2\/media\/424895"}],"wp:attachment":[{"href":"https:\/\/lucacastelli.com\/fr\/wp-json\/wp\/v2\/media?parent=465873"}],"wp:term":[{"taxonomy":"product_brand","embeddable":true,"href":"https:\/\/lucacastelli.com\/fr\/wp-json\/wp\/v2\/product_brand?post=465873"},{"taxonomy":"product_cat","embeddable":true,"href":"https:\/\/lucacastelli.com\/fr\/wp-json\/wp\/v2\/product_cat?post=465873"},{"taxonomy":"product_tag","embeddable":true,"href":"https:\/\/lucacastelli.com\/fr\/wp-json\/wp\/v2\/product_tag?post=465873"}],"curies":[{"name":"wp","href":"https:\/\/api.w.org\/{rel}","templated":true}]}}