{"id":465869,"date":"2025-06-01T02:31:50","date_gmt":"2025-06-01T00:31:50","guid":{"rendered":"https:\/\/lucacastelli.com\/prodotto\/pince-a-main-fp-20\/"},"modified":"2026-02-13T16:02:29","modified_gmt":"2026-02-13T15:02:29","slug":"pince-a-main-fp-20","status":"publish","type":"product","link":"https:\/\/lucacastelli.com\/fr\/produit\/pince-a-main-fp-20\/","title":{"rendered":"Pince \u00e0 main FP 20"},"content":{"rendered":"<p>Ouverture 20 cm. Pour d\u00e9placer du bois avec une poign\u00e9e incurv\u00e9e. Pointes tremp\u00e9es.<br \/>\n886661362400  <\/p>\n","protected":false},"excerpt":{"rendered":"<p>Pince \u00e0 main FP 20<\/p>\n","protected":false},"featured_media":424899,"template":"","meta":{"_seopress_robots_primary_cat":"","_seopress_titles_title":"","_seopress_titles_desc":"","_seopress_robots_index":""},"product_brand":[3366],"product_cat":[29,484],"product_tag":[3265],"class_list":{"0":"post-465869","1":"product","2":"type-product","3":"status-publish","4":"has-post-thumbnail","6":"product_brand-stihl","7":"product_cat-macchinari","8":"product_cat-utensili-e-accessori-forestali","9":"product_tag-import-stihl","10":"sws-gruppo-macchinari-fr","11":"sws-conto-ricavi-merci-rivendita-macchinari-fr","12":"sws-gruppo-iva-iva81-fr","14":"first","15":"onbackorder","16":"purchasable","17":"product-type-simple"},"_links":{"self":[{"href":"https:\/\/lucacastelli.com\/fr\/wp-json\/wp\/v2\/product\/465869","targetHints":{"allow":["GET"]}}],"collection":[{"href":"https:\/\/lucacastelli.com\/fr\/wp-json\/wp\/v2\/product"}],"about":[{"href":"https:\/\/lucacastelli.com\/fr\/wp-json\/wp\/v2\/types\/product"}],"wp:featuredmedia":[{"embeddable":true,"href":"https:\/\/lucacastelli.com\/fr\/wp-json\/wp\/v2\/media\/424899"}],"wp:attachment":[{"href":"https:\/\/lucacastelli.com\/fr\/wp-json\/wp\/v2\/media?parent=465869"}],"wp:term":[{"taxonomy":"product_brand","embeddable":true,"href":"https:\/\/lucacastelli.com\/fr\/wp-json\/wp\/v2\/product_brand?post=465869"},{"taxonomy":"product_cat","embeddable":true,"href":"https:\/\/lucacastelli.com\/fr\/wp-json\/wp\/v2\/product_cat?post=465869"},{"taxonomy":"product_tag","embeddable":true,"href":"https:\/\/lucacastelli.com\/fr\/wp-json\/wp\/v2\/product_tag?post=465869"}],"curies":[{"name":"wp","href":"https:\/\/api.w.org\/{rel}","templated":true}]}}