{"id":465860,"date":"2025-06-01T01:10:48","date_gmt":"2025-05-31T23:10:48","guid":{"rendered":"https:\/\/lucacastelli.com\/prodotto\/3-8-p-52-x-200-mm\/"},"modified":"2025-06-28T03:54:45","modified_gmt":"2025-06-28T01:54:45","slug":"3-8-p-52-x-200-mm","status":"publish","type":"product","link":"https:\/\/lucacastelli.com\/fr\/produit\/3-8-p-52-x-200-mm\/","title":{"rendered":"STIHL 3\/8 po, P 5,2 x 200 mm"},"content":{"rendered":"<p>Valable pour les mod\u00e8les 1\/4&nbsp;\u00bb, 1\/4&nbsp;\u00bb P, 3\/8&nbsp;\u00bb-PM et 3\/8&nbsp;\u00bb-PMN de diff\u00e9rents diam\u00e8tres. \u00c9galement pour les cha\u00eenes de 325&nbsp;\u00bb (4,8 x 200 mm), 3\/8&nbsp;\u00bb (5,2 x 200 mm) et 404&nbsp;\u00bb (5,5 x 200 mm). Paquet de 6 unit\u00e9s.<br \/>\n795711106010  <\/p>\n","protected":false},"excerpt":{"rendered":"<p>3\/8&#8243;, P 5,2 x 200 mm<\/p>\n","protected":false},"featured_media":453747,"template":"","meta":{"_seopress_robots_primary_cat":"","_seopress_titles_title":"","_seopress_titles_desc":"","_seopress_robots_index":""},"product_brand":[3555],"product_cat":[167,1685],"product_tag":[3267],"class_list":{"0":"post-465860","1":"product","2":"type-product","3":"status-publish","4":"has-post-thumbnail","6":"product_brand-stihl-fr","7":"product_cat-machines","8":"product_cat-outils-et-accessoires-forestiers","9":"product_tag-import-stihl-fr","10":"sws-gruppo-macchinari-fr","11":"sws-conto-ricavi-merci-rivendita-macchinari-fr","12":"sws-gruppo-iva-iva81-fr","14":"first","15":"onbackorder","16":"purchasable","17":"product-type-simple"},"_links":{"self":[{"href":"https:\/\/lucacastelli.com\/fr\/wp-json\/wp\/v2\/product\/465860","targetHints":{"allow":["GET"]}}],"collection":[{"href":"https:\/\/lucacastelli.com\/fr\/wp-json\/wp\/v2\/product"}],"about":[{"href":"https:\/\/lucacastelli.com\/fr\/wp-json\/wp\/v2\/types\/product"}],"wp:featuredmedia":[{"embeddable":true,"href":"https:\/\/lucacastelli.com\/fr\/wp-json\/wp\/v2\/media\/453747"}],"wp:attachment":[{"href":"https:\/\/lucacastelli.com\/fr\/wp-json\/wp\/v2\/media?parent=465860"}],"wp:term":[{"taxonomy":"product_brand","embeddable":true,"href":"https:\/\/lucacastelli.com\/fr\/wp-json\/wp\/v2\/product_brand?post=465860"},{"taxonomy":"product_cat","embeddable":true,"href":"https:\/\/lucacastelli.com\/fr\/wp-json\/wp\/v2\/product_cat?post=465860"},{"taxonomy":"product_tag","embeddable":true,"href":"https:\/\/lucacastelli.com\/fr\/wp-json\/wp\/v2\/product_tag?post=465860"}],"curies":[{"name":"wp","href":"https:\/\/api.w.org\/{rel}","templated":true}]}}