{"id":465843,"date":"2025-05-31T23:00:28","date_gmt":"2025-05-31T21:00:28","guid":{"rendered":"https:\/\/lucacastelli.com\/prodotto\/kit-de-mise-a-niveau-4-hexa-36rh72-50-cm\/"},"modified":"2026-03-02T14:23:50","modified_gmt":"2026-03-02T13:23:50","slug":"kit-de-mise-a-niveau-4-hexa-36rh72-50-cm","status":"publish","type":"product","link":"https:\/\/lucacastelli.com\/fr\/produit\/kit-de-mise-a-niveau-4-hexa-36rh72-50-cm\/","title":{"rendered":"Kit de mise \u00e0 niveau STIHL 4, HEXA 36RH72, 50 cm"},"content":{"rendered":"<p>Pour une conversion facile de votre tron\u00e7onneuse STIHL au nouveau syst\u00e8me de coupe Hexa.<\/p>\n<p>Contenu du kit :<br \/>\n2 x cha\u00eene Hexa, 1 x lime Hexa (5,2 \u00d7 200 mm), 1 x manche en bois pour lime Hexa<br \/>\n886661739660<\/p>\n","protected":false},"excerpt":{"rendered":"<p>Kit de mise \u00e0 niveau 4, HEXA 36RH72, 50 cm<\/p>\n","protected":false},"featured_media":424056,"template":"","meta":{"_seopress_robots_primary_cat":"","_seopress_titles_title":"","_seopress_titles_desc":"","_seopress_robots_index":""},"product_brand":[3366],"product_cat":[29,484],"product_tag":[3265],"class_list":{"0":"post-465843","1":"product","2":"type-product","3":"status-publish","4":"has-post-thumbnail","6":"product_brand-stihl","7":"product_cat-macchinari","8":"product_cat-utensili-e-accessori-forestali","9":"product_tag-import-stihl","10":"sws-gruppo-macchinari-fr","11":"sws-conto-ricavi-merci-rivendita-macchinari-fr","12":"sws-gruppo-iva-iva81-fr","14":"first","15":"onbackorder","16":"purchasable","17":"product-type-simple"},"_links":{"self":[{"href":"https:\/\/lucacastelli.com\/fr\/wp-json\/wp\/v2\/product\/465843","targetHints":{"allow":["GET"]}}],"collection":[{"href":"https:\/\/lucacastelli.com\/fr\/wp-json\/wp\/v2\/product"}],"about":[{"href":"https:\/\/lucacastelli.com\/fr\/wp-json\/wp\/v2\/types\/product"}],"wp:featuredmedia":[{"embeddable":true,"href":"https:\/\/lucacastelli.com\/fr\/wp-json\/wp\/v2\/media\/424056"}],"wp:attachment":[{"href":"https:\/\/lucacastelli.com\/fr\/wp-json\/wp\/v2\/media?parent=465843"}],"wp:term":[{"taxonomy":"product_brand","embeddable":true,"href":"https:\/\/lucacastelli.com\/fr\/wp-json\/wp\/v2\/product_brand?post=465843"},{"taxonomy":"product_cat","embeddable":true,"href":"https:\/\/lucacastelli.com\/fr\/wp-json\/wp\/v2\/product_cat?post=465843"},{"taxonomy":"product_tag","embeddable":true,"href":"https:\/\/lucacastelli.com\/fr\/wp-json\/wp\/v2\/product_tag?post=465843"}],"curies":[{"name":"wp","href":"https:\/\/api.w.org\/{rel}","templated":true}]}}