{"id":465837,"date":"2025-05-31T23:00:20","date_gmt":"2025-05-31T21:00:20","guid":{"rendered":"https:\/\/lucacastelli.com\/prodotto\/kit-de-mise-a-niveau-3-hexa-36rh66-45cm\/"},"modified":"2026-03-02T14:18:50","modified_gmt":"2026-03-02T13:18:50","slug":"kit-de-mise-a-niveau-3-hexa-36rh66-45cm","status":"publish","type":"product","link":"https:\/\/lucacastelli.com\/fr\/produit\/kit-de-mise-a-niveau-3-hexa-36rh66-45cm\/","title":{"rendered":"Kit de mise \u00e0 niveau STIHL 3, HEXA 36RH66, 45 cm"},"content":{"rendered":"<p>Pour une conversion facile de votre tron\u00e7onneuse STIHL au nouveau syst\u00e8me de coupe Hexa.<\/p>\n<p>Contenu du kit :<br \/>\n2 x cha\u00eene Hexa, 1 x lime Hexa (5,2 \u00d7 200 mm), 1 x manche en bois pour lime Hexa<br \/>\n886661739653<\/p>\n","protected":false},"excerpt":{"rendered":"<p>Kit de mise \u00e0 niveau 3, HEXA 36RH66, 45 cm<\/p>\n","protected":false},"featured_media":424044,"template":"","meta":{"_seopress_robots_primary_cat":"","_seopress_titles_title":"","_seopress_titles_desc":"","_seopress_robots_index":""},"product_brand":[3555],"product_cat":[167,1685],"product_tag":[3267],"class_list":{"0":"post-465837","1":"product","2":"type-product","3":"status-publish","4":"has-post-thumbnail","6":"product_brand-stihl-fr","7":"product_cat-machines","8":"product_cat-outils-et-accessoires-forestiers","9":"product_tag-import-stihl-fr","10":"sws-gruppo-macchinari-fr","11":"sws-conto-ricavi-merci-rivendita-macchinari-fr","12":"sws-gruppo-iva-iva81-fr","14":"first","15":"onbackorder","16":"purchasable","17":"product-type-simple"},"_links":{"self":[{"href":"https:\/\/lucacastelli.com\/fr\/wp-json\/wp\/v2\/product\/465837","targetHints":{"allow":["GET"]}}],"collection":[{"href":"https:\/\/lucacastelli.com\/fr\/wp-json\/wp\/v2\/product"}],"about":[{"href":"https:\/\/lucacastelli.com\/fr\/wp-json\/wp\/v2\/types\/product"}],"wp:featuredmedia":[{"embeddable":true,"href":"https:\/\/lucacastelli.com\/fr\/wp-json\/wp\/v2\/media\/424044"}],"wp:attachment":[{"href":"https:\/\/lucacastelli.com\/fr\/wp-json\/wp\/v2\/media?parent=465837"}],"wp:term":[{"taxonomy":"product_brand","embeddable":true,"href":"https:\/\/lucacastelli.com\/fr\/wp-json\/wp\/v2\/product_brand?post=465837"},{"taxonomy":"product_cat","embeddable":true,"href":"https:\/\/lucacastelli.com\/fr\/wp-json\/wp\/v2\/product_cat?post=465837"},{"taxonomy":"product_tag","embeddable":true,"href":"https:\/\/lucacastelli.com\/fr\/wp-json\/wp\/v2\/product_tag?post=465837"}],"curies":[{"name":"wp","href":"https:\/\/api.w.org\/{rel}","templated":true}]}}