{"id":465829,"date":"2025-05-31T22:35:42","date_gmt":"2025-05-31T20:35:42","guid":{"rendered":"https:\/\/lucacastelli.com\/prodotto\/gabarit-de-mesure-pas-de-chaine-et-bobine\/"},"modified":"2025-05-31T22:35:42","modified_gmt":"2025-05-31T20:35:42","slug":"gabarit-de-mesure-pas-de-chaine-et-bobine","status":"publish","type":"product","link":"https:\/\/lucacastelli.com\/fr\/produit\/gabarit-de-mesure-pas-de-chaine-et-bobine\/","title":{"rendered":"Gabarit de mesure (pas de cha\u00eene et bobine)"},"content":{"rendered":"<p>(Figure 1) : Gabarit de contr\u00f4le pour d\u00e9terminer le pas de la cha\u00eene et du pignon de cha\u00eene, ainsi que l\u2019\u00e9paisseur des maillons de guidage et la largeur de la fente dans la barre. Art.Nr. 00008934105.br (Figure 2) : De plus, un gabarit de contr\u00f4le est disponible pour d\u00e9terminer l\u2019\u00e9tat d\u2019usure des pignons de cha\u00eene. Art.Nr. 00008934101.<br \/>\n795711016890    <\/p>\n","protected":false},"excerpt":{"rendered":"<p>Gabarit de mesure (pas de cha\u00eene et bobine)<\/p>\n","protected":false},"featured_media":422859,"template":"","meta":{"_seopress_robots_primary_cat":"","_seopress_titles_title":"","_seopress_titles_desc":"","_seopress_robots_index":""},"product_brand":[3366],"product_cat":[29,484],"product_tag":[3265],"class_list":{"0":"post-465829","1":"product","2":"type-product","3":"status-publish","4":"has-post-thumbnail","6":"product_brand-stihl","7":"product_cat-macchinari","8":"product_cat-utensili-e-accessori-forestali","9":"product_tag-import-stihl","10":"sws-gruppo-macchinari-fr","11":"sws-conto-ricavi-merci-rivendita-macchinari-fr","12":"sws-gruppo-iva-iva81-fr","14":"first","15":"onbackorder","16":"purchasable","17":"product-type-simple"},"_links":{"self":[{"href":"https:\/\/lucacastelli.com\/fr\/wp-json\/wp\/v2\/product\/465829","targetHints":{"allow":["GET"]}}],"collection":[{"href":"https:\/\/lucacastelli.com\/fr\/wp-json\/wp\/v2\/product"}],"about":[{"href":"https:\/\/lucacastelli.com\/fr\/wp-json\/wp\/v2\/types\/product"}],"wp:featuredmedia":[{"embeddable":true,"href":"https:\/\/lucacastelli.com\/fr\/wp-json\/wp\/v2\/media\/422859"}],"wp:attachment":[{"href":"https:\/\/lucacastelli.com\/fr\/wp-json\/wp\/v2\/media?parent=465829"}],"wp:term":[{"taxonomy":"product_brand","embeddable":true,"href":"https:\/\/lucacastelli.com\/fr\/wp-json\/wp\/v2\/product_brand?post=465829"},{"taxonomy":"product_cat","embeddable":true,"href":"https:\/\/lucacastelli.com\/fr\/wp-json\/wp\/v2\/product_cat?post=465829"},{"taxonomy":"product_tag","embeddable":true,"href":"https:\/\/lucacastelli.com\/fr\/wp-json\/wp\/v2\/product_tag?post=465829"}],"curies":[{"name":"wp","href":"https:\/\/api.w.org\/{rel}","templated":true}]}}