{"id":465821,"date":"2025-05-31T22:33:21","date_gmt":"2025-05-31T20:33:21","guid":{"rendered":"https:\/\/lucacastelli.com\/prodotto\/boitier-mobile-connecte-stihl\/"},"modified":"2025-05-31T22:33:21","modified_gmt":"2025-05-31T20:33:21","slug":"boitier-mobile-connecte-stihl","status":"publish","type":"product","link":"https:\/\/lucacastelli.com\/fr\/produit\/boitier-mobile-connecte-stihl\/","title":{"rendered":"Bo\u00eetier mobile connect\u00e9 STIHL"},"content":{"rendered":"<p>La bo\u00eete connect\u00e9e transf\u00e8re rapidement et de mani\u00e8re fiable les donn\u00e9es de fonctionnement enregistr\u00e9es de vos outils et batteries en r\u00e9seau vers le STIHL Cloud. Les donn\u00e9es sont ensuite disponibles dans l\u2019application STIHL connected ou dans le portail STIHL Connected. La STIHL connected Box est disponible en deux versions : stationnaire avec option de connexion LAN\/WLAN et mobile avec option LAN\/WLAN et connexion mobile et d\u00e9termination de l\u2019emplacement.<br \/>\n886661503803  <\/p>\n<p>Tension nominale 100-240<br \/>\nWLAN_FREQUENZBAND WLAN_FREQUENZBAND<\/p>\n<p>Norme Wi-Fi Norme<br \/>\nWi-Fi Norme de transmission radio Bluetooth 5.0<br \/>\nNorme de t\u00e9l\u00e9phonie mobile 2G, 3G, 4G<\/p>\n","protected":false},"excerpt":{"rendered":"<p>Bo\u00eetier mobile connect\u00e9 STIHL<\/p>\n","protected":false},"featured_media":422746,"template":"","meta":{"_seopress_robots_primary_cat":"","_seopress_titles_title":"","_seopress_titles_desc":"","_seopress_robots_index":""},"product_brand":[3555],"product_cat":[167,1685],"product_tag":[3267],"class_list":{"0":"post-465821","1":"product","2":"type-product","3":"status-publish","4":"has-post-thumbnail","6":"product_brand-stihl-fr","7":"product_cat-machines","8":"product_cat-outils-et-accessoires-forestiers","9":"product_tag-import-stihl-fr","10":"sws-gruppo-macchinari-fr","11":"sws-conto-ricavi-merci-rivendita-macchinari-fr","12":"sws-gruppo-iva-iva81-fr","14":"first","15":"onbackorder","16":"purchasable","17":"product-type-simple"},"_links":{"self":[{"href":"https:\/\/lucacastelli.com\/fr\/wp-json\/wp\/v2\/product\/465821","targetHints":{"allow":["GET"]}}],"collection":[{"href":"https:\/\/lucacastelli.com\/fr\/wp-json\/wp\/v2\/product"}],"about":[{"href":"https:\/\/lucacastelli.com\/fr\/wp-json\/wp\/v2\/types\/product"}],"wp:featuredmedia":[{"embeddable":true,"href":"https:\/\/lucacastelli.com\/fr\/wp-json\/wp\/v2\/media\/422746"}],"wp:attachment":[{"href":"https:\/\/lucacastelli.com\/fr\/wp-json\/wp\/v2\/media?parent=465821"}],"wp:term":[{"taxonomy":"product_brand","embeddable":true,"href":"https:\/\/lucacastelli.com\/fr\/wp-json\/wp\/v2\/product_brand?post=465821"},{"taxonomy":"product_cat","embeddable":true,"href":"https:\/\/lucacastelli.com\/fr\/wp-json\/wp\/v2\/product_cat?post=465821"},{"taxonomy":"product_tag","embeddable":true,"href":"https:\/\/lucacastelli.com\/fr\/wp-json\/wp\/v2\/product_tag?post=465821"}],"curies":[{"name":"wp","href":"https:\/\/api.w.org\/{rel}","templated":true}]}}