{"id":465820,"date":"2025-05-31T22:33:08","date_gmt":"2025-05-31T20:33:08","guid":{"rendered":"https:\/\/lucacastelli.com\/prodotto\/connecteur-intelligent-2-a\/"},"modified":"2025-05-31T22:33:08","modified_gmt":"2025-05-31T20:33:08","slug":"connecteur-intelligent-2-a","status":"publish","type":"product","link":"https:\/\/lucacastelli.com\/fr\/produit\/connecteur-intelligent-2-a\/","title":{"rendered":"Connecteur intelligent 2 A"},"content":{"rendered":"<p>Le Smart Connector 2 A compl\u00e8te l\u2019ensemble du syst\u00e8me connect\u00e9 STIHL et constitue la solution pour la mise en r\u00e9seau de produits professionnels aliment\u00e9s par batterie s\u00e9lectionn\u00e9s \u00e0 partir du syst\u00e8me STIHL AP. Le Smart Connector 2 A est ins\u00e9r\u00e9 dans une position pr\u00e9par\u00e9e dans le bo\u00eetier de l\u2019outil et, gr\u00e2ce \u00e0 la connexion \u00e0 l\u2019\u00e9lectronique de l\u2019outil, fournit non seulement le temps de fonctionnement, mais aussi des informations sur la vitesse, entre autres, qui sont ensuite disponibles dans le portail STIHL . Les donn\u00e9es sont transf\u00e9r\u00e9es de la m\u00eame mani\u00e8re qu\u2019avec le Smart Connector. D\u2019une simple pression sur un bouton, l\u2019indicateur LED vous indique s\u2019il y a un message pour l\u2019outil, par exemple l\u2019entretien \u00e0 entretenir. L\u2019application STIHL connected et le portail STIHL Connected vous fourniront ensuite de plus amples informations.<br \/>\n886661306022    <\/p>\n<p>Transmission radio Bluetooth 5.1<br \/>\nNorme Indice IP Indice IP<\/p>\n<p>Longueur de l\u2019appareil Longueur de l\u2019appareil<br \/>\nLargeur de l\u2019appareil 40<br \/>\nHauteur de l\u2019appareil 15<\/p>\n","protected":false},"excerpt":{"rendered":"<p>Connecteur intelligent 2 A<\/p>\n","protected":false},"featured_media":422733,"template":"","meta":{"_seopress_robots_primary_cat":"","_seopress_titles_title":"","_seopress_titles_desc":"","_seopress_robots_index":""},"product_brand":[3366],"product_cat":[29,484],"product_tag":[3265],"class_list":{"0":"post-465820","1":"product","2":"type-product","3":"status-publish","4":"has-post-thumbnail","6":"product_brand-stihl","7":"product_cat-macchinari","8":"product_cat-utensili-e-accessori-forestali","9":"product_tag-import-stihl","10":"sws-gruppo-macchinari-fr","11":"sws-conto-ricavi-merci-rivendita-macchinari-fr","12":"sws-gruppo-iva-iva81-fr","14":"first","15":"onbackorder","16":"purchasable","17":"product-type-simple"},"_links":{"self":[{"href":"https:\/\/lucacastelli.com\/fr\/wp-json\/wp\/v2\/product\/465820","targetHints":{"allow":["GET"]}}],"collection":[{"href":"https:\/\/lucacastelli.com\/fr\/wp-json\/wp\/v2\/product"}],"about":[{"href":"https:\/\/lucacastelli.com\/fr\/wp-json\/wp\/v2\/types\/product"}],"wp:featuredmedia":[{"embeddable":true,"href":"https:\/\/lucacastelli.com\/fr\/wp-json\/wp\/v2\/media\/422733"}],"wp:attachment":[{"href":"https:\/\/lucacastelli.com\/fr\/wp-json\/wp\/v2\/media?parent=465820"}],"wp:term":[{"taxonomy":"product_brand","embeddable":true,"href":"https:\/\/lucacastelli.com\/fr\/wp-json\/wp\/v2\/product_brand?post=465820"},{"taxonomy":"product_cat","embeddable":true,"href":"https:\/\/lucacastelli.com\/fr\/wp-json\/wp\/v2\/product_cat?post=465820"},{"taxonomy":"product_tag","embeddable":true,"href":"https:\/\/lucacastelli.com\/fr\/wp-json\/wp\/v2\/product_tag?post=465820"}],"curies":[{"name":"wp","href":"https:\/\/api.w.org\/{rel}","templated":true}]}}