{"id":465814,"date":"2025-05-31T22:14:19","date_gmt":"2025-05-31T20:14:19","guid":{"rendered":"https:\/\/lucacastelli.com\/prodotto\/dynamic-light-set-de-casque\/"},"modified":"2025-06-29T13:44:10","modified_gmt":"2025-06-29T11:44:10","slug":"dynamic-light-set-de-casque","status":"publish","type":"product","link":"https:\/\/lucacastelli.com\/fr\/produit\/dynamic-light-set-de-casque\/","title":{"rendered":"STIHL DYNAMIC Light set de casque"},"content":{"rendered":"<p>Casque de protection particuli\u00e8rement l\u00e9ger pour travailler dans les arbres et au sol. Poids optimis\u00e9 pour un grand confort. Tr\u00e8s bonne protection acoustique (SNR 28). encoches sangle de t\u00eate r\u00e9glable&nbsp;; Conforme aux normes EN 352, EN 397, EN 1731.\/p<br \/>\n886661694273   <\/p>\n<p>Valeur d\u2019isolation 28<br \/>\nValeur H Valeur H<\/p>\n<p>Valeur M Valeur<br \/>\nM Valeur L 16<br \/>\nTransmission de la lumi\u00e8re 55<\/p>\n","protected":false},"excerpt":{"rendered":"<p>Casque de protection particuli\u00e8rement l\u00e9ger pour travailler dans les arbres et au sol. Poids optimis\u00e9 pour un grand confort. Tr\u00e8s<\/p>\n","protected":false},"featured_media":436983,"template":"","meta":{"_seopress_robots_primary_cat":"","_seopress_titles_title":"","_seopress_titles_desc":"","_seopress_robots_index":""},"product_brand":[3366],"product_cat":[29,484],"product_tag":[3265],"class_list":{"0":"post-465814","1":"product","2":"type-product","3":"status-publish","4":"has-post-thumbnail","6":"product_brand-stihl","7":"product_cat-macchinari","8":"product_cat-utensili-e-accessori-forestali","9":"product_tag-import-stihl","10":"sws-gruppo-macchinari-fr","11":"sws-conto-ricavi-merci-rivendita-abbigliamento-fr","12":"sws-gruppo-iva-iva81-fr","14":"first","15":"onbackorder","16":"purchasable","17":"product-type-simple"},"_links":{"self":[{"href":"https:\/\/lucacastelli.com\/fr\/wp-json\/wp\/v2\/product\/465814","targetHints":{"allow":["GET"]}}],"collection":[{"href":"https:\/\/lucacastelli.com\/fr\/wp-json\/wp\/v2\/product"}],"about":[{"href":"https:\/\/lucacastelli.com\/fr\/wp-json\/wp\/v2\/types\/product"}],"wp:featuredmedia":[{"embeddable":true,"href":"https:\/\/lucacastelli.com\/fr\/wp-json\/wp\/v2\/media\/436983"}],"wp:attachment":[{"href":"https:\/\/lucacastelli.com\/fr\/wp-json\/wp\/v2\/media?parent=465814"}],"wp:term":[{"taxonomy":"product_brand","embeddable":true,"href":"https:\/\/lucacastelli.com\/fr\/wp-json\/wp\/v2\/product_brand?post=465814"},{"taxonomy":"product_cat","embeddable":true,"href":"https:\/\/lucacastelli.com\/fr\/wp-json\/wp\/v2\/product_cat?post=465814"},{"taxonomy":"product_tag","embeddable":true,"href":"https:\/\/lucacastelli.com\/fr\/wp-json\/wp\/v2\/product_tag?post=465814"}],"curies":[{"name":"wp","href":"https:\/\/api.w.org\/{rel}","templated":true}]}}