{"id":465811,"date":"2025-08-19T20:04:10","date_gmt":"2025-08-19T18:04:10","guid":{"rendered":"https:\/\/lucacastelli.com\/prodotto\/mechanischer-fallkeil-fk30-aq-set-5-ah\/"},"modified":"2025-10-01T12:04:00","modified_gmt":"2025-10-01T10:04:00","slug":"mechanischer-fallkeil-fk30-aq-set-5-ah","status":"publish","type":"product","link":"https:\/\/lucacastelli.com\/fr\/produit\/mechanischer-fallkeil-fk30-aq-set-5-ah\/","title":{"rendered":"FK30-AQ SET 5 Ah Coin de d\u00e9molition m\u00e9canique"},"content":{"rendered":"<p>DESCRIPTION D\u00c9TAILL\u00c9E DU PRODUIT<br \/>\n1 x cl\u00e9 \u00e0 chocs Milwaukee M18 ONEFHIWF34-0X avec entra\u00eenement carr\u00e9 3\/4<br \/>\n2 x batterie Milwaukee M18B5 de 5,0 Ah<br \/>\n1 x chargeur de batterie Milwaukee M12-18 FC<br \/>\n1 x coin de d\u00e9molition GM Tech FK de 25 \u00e0 30 tonnes<br \/>\n1 bo\u00eete HD<\/p>\n","protected":false},"excerpt":{"rendered":"<p>DESCRIPTION D\u00c9TAILL\u00c9E DU PRODUIT 1 x cl\u00e9 \u00e0 chocs Milwaukee M18 ONEFHIWF34-0X avec entra\u00eenement carr\u00e9 3\/4 2 x batterie Milwaukee<\/p>\n","protected":false},"featured_media":508279,"template":"","meta":{"_seopress_robots_primary_cat":"none","_seopress_titles_title":"","_seopress_titles_desc":"","_seopress_robots_index":""},"product_brand":[4402,3407],"product_cat":[29,484],"product_tag":[5803],"class_list":{"0":"post-465811","1":"product","2":"type-product","3":"status-publish","4":"has-post-thumbnail","6":"product_brand-gm-tech","7":"product_brand-milwaukee","8":"product_cat-macchinari","9":"product_cat-utensili-e-accessori-forestali","10":"product_tag-lucerna2025","11":"sws-gruppo-attrezz-fr","12":"sws-categoria-sito-fr","13":"sws-conto-ricavi-merci-rivendita-macchinari-fr","14":"sws-gruppo-iva-iva81-fr","16":"first","17":"onbackorder","18":"shipping-taxable","19":"purchasable","20":"product-type-simple"},"_links":{"self":[{"href":"https:\/\/lucacastelli.com\/fr\/wp-json\/wp\/v2\/product\/465811","targetHints":{"allow":["GET"]}}],"collection":[{"href":"https:\/\/lucacastelli.com\/fr\/wp-json\/wp\/v2\/product"}],"about":[{"href":"https:\/\/lucacastelli.com\/fr\/wp-json\/wp\/v2\/types\/product"}],"wp:featuredmedia":[{"embeddable":true,"href":"https:\/\/lucacastelli.com\/fr\/wp-json\/wp\/v2\/media\/508279"}],"wp:attachment":[{"href":"https:\/\/lucacastelli.com\/fr\/wp-json\/wp\/v2\/media?parent=465811"}],"wp:term":[{"taxonomy":"product_brand","embeddable":true,"href":"https:\/\/lucacastelli.com\/fr\/wp-json\/wp\/v2\/product_brand?post=465811"},{"taxonomy":"product_cat","embeddable":true,"href":"https:\/\/lucacastelli.com\/fr\/wp-json\/wp\/v2\/product_cat?post=465811"},{"taxonomy":"product_tag","embeddable":true,"href":"https:\/\/lucacastelli.com\/fr\/wp-json\/wp\/v2\/product_tag?post=465811"}],"curies":[{"name":"wp","href":"https:\/\/api.w.org\/{rel}","templated":true}]}}