{"id":465807,"date":"2025-05-31T21:59:01","date_gmt":"2025-05-31T19:59:01","guid":{"rendered":"https:\/\/lucacastelli.com\/prodotto\/advance-x-vent-procom-set-de-casque\/"},"modified":"2025-06-29T13:38:17","modified_gmt":"2025-06-29T11:38:17","slug":"advance-x-vent-procom-set-de-casque","status":"publish","type":"product","link":"https:\/\/lucacastelli.com\/fr\/produit\/advance-x-vent-procom-set-de-casque\/","title":{"rendered":"STIHL ADVANCE X-Vent ProCOM set de casque"},"content":{"rendered":"<p>Syst\u00e8me bas\u00e9 sur MESH-Intercom pour une communication claire avec les coll\u00e8gues jusqu\u2019\u00e0 600 m. de distance entre chaque casque. Coussinets d\u2019oreille confortables pour un confort optimal. R\u00e9duction intelligente du bruit de l\u2019\u00e9quipement pendant la conversation. D\u00e9tection automatique du casque apr\u00e8s la mise en marche : pas d\u2019autre appairage n\u00e9cessaire.\/p<br \/>\n886661575046<\/p>\n<p>Valeur d\u2019isolation 31<br \/>\nValeur H Valeur<\/p>\n<p>H Valeur M Valeur<br \/>\nM Valeur L 21<br \/>\nTransmission de la lumi\u00e8re 85<\/p>\n","protected":false},"excerpt":{"rendered":"<p>Syst\u00e8me bas\u00e9 sur MESH-Intercom pour une communication claire avec les coll\u00e8gues jusqu\u2019\u00e0 600 m. de distance entre chaque casque. Coussinets<\/p>\n","protected":false},"featured_media":424766,"template":"","meta":{"_seopress_robots_primary_cat":"","_seopress_titles_title":"","_seopress_titles_desc":"","_seopress_robots_index":""},"product_brand":[3555],"product_cat":[167,1685],"product_tag":[3267],"class_list":{"0":"post-465807","1":"product","2":"type-product","3":"status-publish","4":"has-post-thumbnail","6":"product_brand-stihl-fr","7":"product_cat-machines","8":"product_cat-outils-et-accessoires-forestiers","9":"product_tag-import-stihl-fr","10":"sws-gruppo-macchinari","11":"sws-conto-ricavi-merci-rivendita-abbigliamento","12":"sws-gruppo-iva-iva81","14":"first","15":"onbackorder","16":"purchasable","17":"product-type-simple"},"_links":{"self":[{"href":"https:\/\/lucacastelli.com\/fr\/wp-json\/wp\/v2\/product\/465807","targetHints":{"allow":["GET"]}}],"collection":[{"href":"https:\/\/lucacastelli.com\/fr\/wp-json\/wp\/v2\/product"}],"about":[{"href":"https:\/\/lucacastelli.com\/fr\/wp-json\/wp\/v2\/types\/product"}],"wp:featuredmedia":[{"embeddable":true,"href":"https:\/\/lucacastelli.com\/fr\/wp-json\/wp\/v2\/media\/424766"}],"wp:attachment":[{"href":"https:\/\/lucacastelli.com\/fr\/wp-json\/wp\/v2\/media?parent=465807"}],"wp:term":[{"taxonomy":"product_brand","embeddable":true,"href":"https:\/\/lucacastelli.com\/fr\/wp-json\/wp\/v2\/product_brand?post=465807"},{"taxonomy":"product_cat","embeddable":true,"href":"https:\/\/lucacastelli.com\/fr\/wp-json\/wp\/v2\/product_cat?post=465807"},{"taxonomy":"product_tag","embeddable":true,"href":"https:\/\/lucacastelli.com\/fr\/wp-json\/wp\/v2\/product_tag?post=465807"}],"curies":[{"name":"wp","href":"https:\/\/api.w.org\/{rel}","templated":true}]}}