{"id":465806,"date":"2023-06-22T20:03:12","date_gmt":"2023-06-22T18:03:12","guid":{"rendered":"https:\/\/lucacastelli.com\/prodotto\/mechanischer-fallkeil-fk30-aq-set-12-ah\/"},"modified":"2025-08-14T13:17:16","modified_gmt":"2025-08-14T11:17:16","slug":"mechanischer-fallkeil-fk30-aq-set-12-ah","status":"publish","type":"product","link":"https:\/\/lucacastelli.com\/fr\/produit\/mechanischer-fallkeil-fk30-aq-set-12-ah\/","title":{"rendered":"FK30-AQ SET 12 Ah Coin de d\u00e9molition m\u00e9canique"},"content":{"rendered":"<p>DESCRIPTION D\u00c9TAILL\u00c9E DU PRODUIT<br \/>\n1 x cl\u00e9 \u00e0 chocs Milwaukee M18 ONEFHIWF34-0X avec entra\u00eenement carr\u00e9 3\/4<br \/>\n2 x batterie Milwaukee 12,0 Ah M18B12<br \/>\n1 x chargeur de batterie Milwaukee M12-18 FC<br \/>\n1 x coin de d\u00e9molition GM Tech FK 25 \u00e0 30 tonnes  <\/p>\n","protected":false},"excerpt":{"rendered":"<p>DESCRIPTION D\u00c9TAILL\u00c9E DU PRODUIT 1 x cl\u00e9 \u00e0 chocs Milwaukee M18 ONEFHIWF34-0X avec entra\u00eenement carr\u00e9 3\/4 2 x batterie Milwaukee<\/p>\n","protected":false},"featured_media":56784,"template":"","meta":{"_seopress_robots_primary_cat":"","_seopress_titles_title":"","_seopress_titles_desc":"","_seopress_robots_index":""},"product_brand":[3407],"product_cat":[29,484],"product_tag":[],"class_list":{"0":"post-465806","1":"product","2":"type-product","3":"status-publish","4":"has-post-thumbnail","6":"product_brand-milwaukee","7":"product_cat-macchinari","8":"product_cat-utensili-e-accessori-forestali","9":"sws-gruppo-attrezz","10":"sws-categoria-sito","11":"sws-conto-ricavi-merci-rivendita-macchinari","12":"sws-gruppo-iva-iva81","14":"first","15":"instock","16":"shipping-taxable","17":"purchasable","18":"product-type-simple"},"_links":{"self":[{"href":"https:\/\/lucacastelli.com\/fr\/wp-json\/wp\/v2\/product\/465806","targetHints":{"allow":["GET"]}}],"collection":[{"href":"https:\/\/lucacastelli.com\/fr\/wp-json\/wp\/v2\/product"}],"about":[{"href":"https:\/\/lucacastelli.com\/fr\/wp-json\/wp\/v2\/types\/product"}],"wp:featuredmedia":[{"embeddable":true,"href":"https:\/\/lucacastelli.com\/fr\/wp-json\/wp\/v2\/media\/56784"}],"wp:attachment":[{"href":"https:\/\/lucacastelli.com\/fr\/wp-json\/wp\/v2\/media?parent=465806"}],"wp:term":[{"taxonomy":"product_brand","embeddable":true,"href":"https:\/\/lucacastelli.com\/fr\/wp-json\/wp\/v2\/product_brand?post=465806"},{"taxonomy":"product_cat","embeddable":true,"href":"https:\/\/lucacastelli.com\/fr\/wp-json\/wp\/v2\/product_cat?post=465806"},{"taxonomy":"product_tag","embeddable":true,"href":"https:\/\/lucacastelli.com\/fr\/wp-json\/wp\/v2\/product_tag?post=465806"}],"curies":[{"name":"wp","href":"https:\/\/api.w.org\/{rel}","templated":true}]}}