{"id":465802,"date":"2023-04-14T17:18:22","date_gmt":"2023-04-14T15:18:22","guid":{"rendered":"https:\/\/lucacastelli.com\/?post_type=product&#038;p=465802"},"modified":"2025-07-20T23:36:21","modified_gmt":"2025-07-20T21:36:21","slug":"ochsenkopf-profi-forstgurtel","status":"publish","type":"product","link":"https:\/\/lucacastelli.com\/fr\/produit\/ochsenkopf-profi-forstgurtel\/","title":{"rendered":"OCHSENKOPF Profi-Forstg\u00fcrtel"},"content":{"rendered":"<p>La ceinture foresti\u00e8re Ochsenkopf se compose de deux \u00e9l\u00e9ments : une ceinture en cuir de 45 mm de large et un rembourrage dans la zone du dos.<br \/>\nLa ceinture peut \u00eatre ajust\u00e9e pour un tour de taille de 80 \u00e0 120 cm. . Le rembourrage int\u00e9rieur du dos est respirant et amovible, pour offrir un confort agr\u00e9able m\u00eame lorsque vous \u00eates alourdi (sac \u00e0 coins, sac pour t\u00e9l\u00e9phone portable, sac d\u2019\u00e9quipement, etc.).<\/p>\n","protected":false},"excerpt":{"rendered":"<p>La ceinture foresti\u00e8re Ochsenkopf se compose de deux \u00e9l\u00e9ments : une ceinture en cuir de 45 mm de large et<\/p>\n","protected":false},"featured_media":55074,"template":"","meta":{"_seopress_robots_primary_cat":"","_seopress_titles_title":"","_seopress_titles_desc":"","_seopress_robots_index":""},"product_brand":[4728],"product_cat":[167,1685],"product_tag":[],"class_list":{"0":"post-465802","1":"product","2":"type-product","3":"status-publish","4":"has-post-thumbnail","6":"product_brand-ochsenkopf-fr","7":"product_cat-machines","8":"product_cat-outils-et-accessoires-forestiers","9":"sws-gruppo-macchinari-fr","10":"sws-conto-ricavi-merci-rivendita-macchinari-fr","11":"sws-gruppo-iva-iva81-fr","13":"first","14":"onbackorder","15":"shipping-taxable","16":"purchasable","17":"product-type-simple"},"_links":{"self":[{"href":"https:\/\/lucacastelli.com\/fr\/wp-json\/wp\/v2\/product\/465802","targetHints":{"allow":["GET"]}}],"collection":[{"href":"https:\/\/lucacastelli.com\/fr\/wp-json\/wp\/v2\/product"}],"about":[{"href":"https:\/\/lucacastelli.com\/fr\/wp-json\/wp\/v2\/types\/product"}],"wp:featuredmedia":[{"embeddable":true,"href":"https:\/\/lucacastelli.com\/fr\/wp-json\/wp\/v2\/media\/55074"}],"wp:attachment":[{"href":"https:\/\/lucacastelli.com\/fr\/wp-json\/wp\/v2\/media?parent=465802"}],"wp:term":[{"taxonomy":"product_brand","embeddable":true,"href":"https:\/\/lucacastelli.com\/fr\/wp-json\/wp\/v2\/product_brand?post=465802"},{"taxonomy":"product_cat","embeddable":true,"href":"https:\/\/lucacastelli.com\/fr\/wp-json\/wp\/v2\/product_cat?post=465802"},{"taxonomy":"product_tag","embeddable":true,"href":"https:\/\/lucacastelli.com\/fr\/wp-json\/wp\/v2\/product_tag?post=465802"}],"curies":[{"name":"wp","href":"https:\/\/api.w.org\/{rel}","templated":true}]}}