{"id":465797,"date":"2023-04-14T17:16:58","date_gmt":"2023-04-14T15:16:58","guid":{"rendered":"https:\/\/lucacastelli.com\/?post_type=product&#038;p=465797"},"modified":"2025-07-20T23:36:15","modified_gmt":"2025-07-20T21:36:15","slug":"ochsenkopf-keiltasche-h-320-b-140-160g","status":"publish","type":"product","link":"https:\/\/lucacastelli.com\/fr\/produit\/ochsenkopf-keiltasche-h-320-b-140-160g\/","title":{"rendered":"OCHSENKOPF Keiltasche H.320 B.140 160g"},"content":{"rendered":"<p>\u00c9tui pour cales et autres outils, avec boucle de ceinture. Des pinces d\u2019emballage et des crochets de remorquage peuvent \u00eatre transport\u00e9s dans la poche arri\u00e8re. Fabriqu\u00e9 en polyester. Fourni sans contenu. Poids 160 g.    <\/p>\n","protected":false},"excerpt":{"rendered":"<p>\u00c9tui pour cales et autres outils, avec boucle de ceinture. Des pinces d\u2019emballage et des crochets de remorquage peuvent \u00eatre<\/p>\n","protected":false},"featured_media":55069,"template":"","meta":{"_seopress_robots_primary_cat":"","_seopress_titles_title":"","_seopress_titles_desc":"","_seopress_robots_index":""},"product_brand":[4728],"product_cat":[167,1685],"product_tag":[],"class_list":{"0":"post-465797","1":"product","2":"type-product","3":"status-publish","4":"has-post-thumbnail","6":"product_brand-ochsenkopf-fr","7":"product_cat-machines","8":"product_cat-outils-et-accessoires-forestiers","9":"sws-gruppo-macchinari-fr","10":"sws-conto-ricavi-merci-rivendita-macchinari-fr","11":"sws-gruppo-iva-iva81-fr","13":"first","14":"onbackorder","15":"shipping-taxable","16":"purchasable","17":"product-type-simple"},"_links":{"self":[{"href":"https:\/\/lucacastelli.com\/fr\/wp-json\/wp\/v2\/product\/465797","targetHints":{"allow":["GET"]}}],"collection":[{"href":"https:\/\/lucacastelli.com\/fr\/wp-json\/wp\/v2\/product"}],"about":[{"href":"https:\/\/lucacastelli.com\/fr\/wp-json\/wp\/v2\/types\/product"}],"wp:featuredmedia":[{"embeddable":true,"href":"https:\/\/lucacastelli.com\/fr\/wp-json\/wp\/v2\/media\/55069"}],"wp:attachment":[{"href":"https:\/\/lucacastelli.com\/fr\/wp-json\/wp\/v2\/media?parent=465797"}],"wp:term":[{"taxonomy":"product_brand","embeddable":true,"href":"https:\/\/lucacastelli.com\/fr\/wp-json\/wp\/v2\/product_brand?post=465797"},{"taxonomy":"product_cat","embeddable":true,"href":"https:\/\/lucacastelli.com\/fr\/wp-json\/wp\/v2\/product_cat?post=465797"},{"taxonomy":"product_tag","embeddable":true,"href":"https:\/\/lucacastelli.com\/fr\/wp-json\/wp\/v2\/product_tag?post=465797"}],"curies":[{"name":"wp","href":"https:\/\/api.w.org\/{rel}","templated":true}]}}