{"id":465791,"date":"2023-04-14T17:16:25","date_gmt":"2023-04-14T15:16:25","guid":{"rendered":"https:\/\/lucacastelli.com\/?post_type=product&#038;p=465791"},"modified":"2025-07-20T23:36:20","modified_gmt":"2025-07-20T21:36:20","slug":"ochsenkopf-sappiehalter-160x105mm-140g","status":"publish","type":"product","link":"https:\/\/lucacastelli.com\/fr\/produit\/ochsenkopf-sappiehalter-160x105mm-140g\/","title":{"rendered":"OCHSENKOPF Sappiehalter 160x105mm 140g"},"content":{"rendered":"<p>Porte-savon pratique pour un rangement rapide pendant le travail et pour un transport en toute s\u00e9curit\u00e9. Fabriqu\u00e9 en polyester robuste avec boucle de ceinture. Le verrou \u00e0 pression vous permet d\u2019accrocher facilement des houes ou des haches et peut \u00eatre tourn\u00e9 lat\u00e9ralement. Le porte-savon peut \u00eatre fix\u00e9 \u00e0 la ceinture de travail par l\u2019ouverture arri\u00e8re.<br \/>\nPoids 150 g   <\/p>\n","protected":false},"excerpt":{"rendered":"<p>Porte-savon pratique pour un rangement rapide pendant le travail et pour un transport en toute s\u00e9curit\u00e9. Fabriqu\u00e9 en polyester robuste<\/p>\n","protected":false},"featured_media":55064,"template":"","meta":{"_seopress_robots_primary_cat":"","_seopress_titles_title":"","_seopress_titles_desc":"","_seopress_robots_index":""},"product_brand":[4728],"product_cat":[167,1685],"product_tag":[],"class_list":{"0":"post-465791","1":"product","2":"type-product","3":"status-publish","4":"has-post-thumbnail","6":"product_brand-ochsenkopf-fr","7":"product_cat-machines","8":"product_cat-outils-et-accessoires-forestiers","9":"sws-gruppo-macchinari-fr","10":"sws-conto-ricavi-merci-rivendita-macchinari-fr","11":"sws-gruppo-iva-iva81-fr","13":"first","14":"onbackorder","15":"shipping-taxable","16":"purchasable","17":"product-type-simple"},"_links":{"self":[{"href":"https:\/\/lucacastelli.com\/fr\/wp-json\/wp\/v2\/product\/465791","targetHints":{"allow":["GET"]}}],"collection":[{"href":"https:\/\/lucacastelli.com\/fr\/wp-json\/wp\/v2\/product"}],"about":[{"href":"https:\/\/lucacastelli.com\/fr\/wp-json\/wp\/v2\/types\/product"}],"wp:featuredmedia":[{"embeddable":true,"href":"https:\/\/lucacastelli.com\/fr\/wp-json\/wp\/v2\/media\/55064"}],"wp:attachment":[{"href":"https:\/\/lucacastelli.com\/fr\/wp-json\/wp\/v2\/media?parent=465791"}],"wp:term":[{"taxonomy":"product_brand","embeddable":true,"href":"https:\/\/lucacastelli.com\/fr\/wp-json\/wp\/v2\/product_brand?post=465791"},{"taxonomy":"product_cat","embeddable":true,"href":"https:\/\/lucacastelli.com\/fr\/wp-json\/wp\/v2\/product_cat?post=465791"},{"taxonomy":"product_tag","embeddable":true,"href":"https:\/\/lucacastelli.com\/fr\/wp-json\/wp\/v2\/product_tag?post=465791"}],"curies":[{"name":"wp","href":"https:\/\/api.w.org\/{rel}","templated":true}]}}