{"id":465788,"date":"2023-04-14T17:03:25","date_gmt":"2023-04-14T15:03:25","guid":{"rendered":"https:\/\/lucacastelli.com\/?post_type=product&#038;p=465788"},"modified":"2025-07-20T23:36:03","modified_gmt":"2025-07-20T21:36:03","slug":"ochsenkopf-handsappie-mit-kunststoffstiel","status":"publish","type":"product","link":"https:\/\/lucacastelli.com\/fr\/produit\/ochsenkopf-handsappie-mit-kunststoffstiel\/","title":{"rendered":"OCHSENKOPF Handsappie mit Kunststoffstiel"},"content":{"rendered":"<p>Pour d\u00e9placer et collecter des b\u00fbches et des petits morceaux de bois, pour une m\u00e9thode de travail ergonomique et respectueuse du dos. Avec poign\u00e9e en plastique 3 composants en fibre de verre de 38 cm, plastique dur en haut de la poign\u00e9e, plastique souple dans la zone de pr\u00e9hension. <\/p>\n<p>Ochsenkopf Sappie avec poign\u00e9e \u00e0 3 composants et serrure \u00e0 t\u00eate<\/p>\n<p>Plastique dur en haut de la poign\u00e9e<br \/>\nPlastique plus souple dans la zone de pr\u00e9hension<br \/>\nNoyau en fibre de verre pour une stabilit\u00e9<br \/>\nmaximale Longueur de la poign\u00e9e 38 cm. Poids de la t\u00eate 500 g <\/p>\n","protected":false},"excerpt":{"rendered":"<p>Pour d\u00e9placer et collecter des b\u00fbches et des petits morceaux de bois, pour une m\u00e9thode de travail ergonomique et respectueuse<\/p>\n","protected":false},"featured_media":55054,"template":"","meta":{"_seopress_robots_primary_cat":"","_seopress_titles_title":"","_seopress_titles_desc":"","_seopress_robots_index":""},"product_brand":[4728],"product_cat":[167,1685],"product_tag":[],"class_list":{"0":"post-465788","1":"product","2":"type-product","3":"status-publish","4":"has-post-thumbnail","6":"product_brand-ochsenkopf-fr","7":"product_cat-machines","8":"product_cat-outils-et-accessoires-forestiers","9":"sws-gruppo-macchinari","10":"sws-conto-ricavi-merci-rivendita-macchinari","11":"sws-gruppo-iva-iva81","13":"first","14":"instock","15":"shipping-taxable","16":"purchasable","17":"product-type-simple"},"_links":{"self":[{"href":"https:\/\/lucacastelli.com\/fr\/wp-json\/wp\/v2\/product\/465788","targetHints":{"allow":["GET"]}}],"collection":[{"href":"https:\/\/lucacastelli.com\/fr\/wp-json\/wp\/v2\/product"}],"about":[{"href":"https:\/\/lucacastelli.com\/fr\/wp-json\/wp\/v2\/types\/product"}],"wp:featuredmedia":[{"embeddable":true,"href":"https:\/\/lucacastelli.com\/fr\/wp-json\/wp\/v2\/media\/55054"}],"wp:attachment":[{"href":"https:\/\/lucacastelli.com\/fr\/wp-json\/wp\/v2\/media?parent=465788"}],"wp:term":[{"taxonomy":"product_brand","embeddable":true,"href":"https:\/\/lucacastelli.com\/fr\/wp-json\/wp\/v2\/product_brand?post=465788"},{"taxonomy":"product_cat","embeddable":true,"href":"https:\/\/lucacastelli.com\/fr\/wp-json\/wp\/v2\/product_cat?post=465788"},{"taxonomy":"product_tag","embeddable":true,"href":"https:\/\/lucacastelli.com\/fr\/wp-json\/wp\/v2\/product_tag?post=465788"}],"curies":[{"name":"wp","href":"https:\/\/api.w.org\/{rel}","templated":true}]}}