{"id":465783,"date":"2023-04-14T16:51:42","date_gmt":"2023-04-14T14:51:42","guid":{"rendered":"https:\/\/lucacastelli.com\/?post_type=product&#038;p=465783"},"modified":"2025-07-20T23:36:06","modified_gmt":"2025-07-20T21:36:06","slug":"ochsenkopf-spruhdosenkocher","status":"publish","type":"product","link":"https:\/\/lucacastelli.com\/fr\/produit\/ochsenkopf-spruhdosenkocher\/","title":{"rendered":"OCHSENKOPF Spr\u00fchdosenk\u00f6cher"},"content":{"rendered":"<p>Description du produit<br \/>\nPour garder les bombes a\u00e9rosols \u00e0 port\u00e9e de main sur votre ceinture<br \/>\nParticuli\u00e8rement adapt\u00e9 aux peintures pour marquer les for\u00eats ou pour sceller les blessures des arbres dans des tubes<br \/>\nFabriqu\u00e9 en polyester robuste et facile \u00e0 nettoyer<\/p>\n","protected":false},"excerpt":{"rendered":"<p>Description du produit Pour garder les bombes a\u00e9rosols \u00e0 port\u00e9e de main sur votre ceinture Particuli\u00e8rement adapt\u00e9 aux peintures pour<\/p>\n","protected":false},"featured_media":55049,"template":"","meta":{"_seopress_robots_primary_cat":"","_seopress_titles_title":"","_seopress_titles_desc":"","_seopress_robots_index":""},"product_brand":[4728],"product_cat":[167,1685],"product_tag":[],"class_list":{"0":"post-465783","1":"product","2":"type-product","3":"status-publish","4":"has-post-thumbnail","6":"product_brand-ochsenkopf-fr","7":"product_cat-machines","8":"product_cat-outils-et-accessoires-forestiers","9":"sws-gruppo-macchinari-fr","10":"sws-conto-ricavi-merci-rivendita-macchinari-fr","11":"sws-gruppo-iva-iva81-fr","13":"first","14":"onbackorder","15":"shipping-taxable","16":"purchasable","17":"product-type-simple"},"_links":{"self":[{"href":"https:\/\/lucacastelli.com\/fr\/wp-json\/wp\/v2\/product\/465783","targetHints":{"allow":["GET"]}}],"collection":[{"href":"https:\/\/lucacastelli.com\/fr\/wp-json\/wp\/v2\/product"}],"about":[{"href":"https:\/\/lucacastelli.com\/fr\/wp-json\/wp\/v2\/types\/product"}],"wp:featuredmedia":[{"embeddable":true,"href":"https:\/\/lucacastelli.com\/fr\/wp-json\/wp\/v2\/media\/55049"}],"wp:attachment":[{"href":"https:\/\/lucacastelli.com\/fr\/wp-json\/wp\/v2\/media?parent=465783"}],"wp:term":[{"taxonomy":"product_brand","embeddable":true,"href":"https:\/\/lucacastelli.com\/fr\/wp-json\/wp\/v2\/product_brand?post=465783"},{"taxonomy":"product_cat","embeddable":true,"href":"https:\/\/lucacastelli.com\/fr\/wp-json\/wp\/v2\/product_cat?post=465783"},{"taxonomy":"product_tag","embeddable":true,"href":"https:\/\/lucacastelli.com\/fr\/wp-json\/wp\/v2\/product_tag?post=465783"}],"curies":[{"name":"wp","href":"https:\/\/api.w.org\/{rel}","templated":true}]}}