{"id":465781,"date":"2023-04-14T16:39:14","date_gmt":"2023-04-14T14:39:14","guid":{"rendered":"https:\/\/lucacastelli.com\/?post_type=product&#038;p=465781"},"modified":"2025-07-20T23:35:48","modified_gmt":"2025-07-20T21:35:48","slug":"ochsenkopf-sportaxt-3300g-l-800mm-hickory","status":"publish","type":"product","link":"https:\/\/lucacastelli.com\/fr\/produit\/ochsenkopf-sportaxt-3300g-l-800mm-hickory\/","title":{"rendered":"OCHSENKOPF Sportaxt 3300g L.800mm Hickory"},"content":{"rendered":"<p>La hache de sport Ochsenkopf sp\u00e9cialement con\u00e7ue est fabriqu\u00e9e en acier sp\u00e9cial. Il a un tranchant d\u2019entra\u00eenement qui peut \u00eatre r\u00e9aff\u00fbt\u00e9 si n\u00e9cessaire. Le tranchant mesure 180 mm de long. Le manche en bois de noyer de 80 cm de long et la patte de vache prononc\u00e9e assurent une bonne prise en main.  <\/p>\n<p>La hache est fix\u00e9e 4 fois \u00e0 l\u2019aide d\u2019anneaux en bois et d\u2019une \u00e9pingle \u00e0 nourrice. Livr\u00e9 avec prot\u00e8ge-lame en cuir. <\/p>\n<p>Hache de sport en acier sp\u00e9cial<br \/>\nT\u00eate Poids 2600 g<br \/>\nLongueur de la lame 19 cm<br \/>\nT\u00eate de hache multi-fixation Manche en hickory<br \/>\navec patte de vache prononc\u00e9e, 80 cm de long<\/p>\n<p>Poids de la t\u00eate 2600 g<\/p>\n","protected":false},"excerpt":{"rendered":"<p>La hache de sport Ochsenkopf sp\u00e9cialement con\u00e7ue est fabriqu\u00e9e en acier sp\u00e9cial. Il a un tranchant d\u2019entra\u00eenement qui peut \u00eatre<\/p>\n","protected":false},"featured_media":55039,"template":"","meta":{"_seopress_robots_primary_cat":"","_seopress_titles_title":"","_seopress_titles_desc":"","_seopress_robots_index":""},"product_brand":[4728],"product_cat":[167,1685],"product_tag":[],"class_list":{"0":"post-465781","1":"product","2":"type-product","3":"status-publish","4":"has-post-thumbnail","6":"product_brand-ochsenkopf-fr","7":"product_cat-machines","8":"product_cat-outils-et-accessoires-forestiers","9":"sws-gruppo-macchinari-fr","10":"sws-conto-ricavi-merci-rivendita-macchinari-fr","11":"sws-gruppo-iva-iva81-fr","13":"first","14":"onbackorder","15":"shipping-taxable","16":"purchasable","17":"product-type-simple"},"_links":{"self":[{"href":"https:\/\/lucacastelli.com\/fr\/wp-json\/wp\/v2\/product\/465781","targetHints":{"allow":["GET"]}}],"collection":[{"href":"https:\/\/lucacastelli.com\/fr\/wp-json\/wp\/v2\/product"}],"about":[{"href":"https:\/\/lucacastelli.com\/fr\/wp-json\/wp\/v2\/types\/product"}],"wp:featuredmedia":[{"embeddable":true,"href":"https:\/\/lucacastelli.com\/fr\/wp-json\/wp\/v2\/media\/55039"}],"wp:attachment":[{"href":"https:\/\/lucacastelli.com\/fr\/wp-json\/wp\/v2\/media?parent=465781"}],"wp:term":[{"taxonomy":"product_brand","embeddable":true,"href":"https:\/\/lucacastelli.com\/fr\/wp-json\/wp\/v2\/product_brand?post=465781"},{"taxonomy":"product_cat","embeddable":true,"href":"https:\/\/lucacastelli.com\/fr\/wp-json\/wp\/v2\/product_cat?post=465781"},{"taxonomy":"product_tag","embeddable":true,"href":"https:\/\/lucacastelli.com\/fr\/wp-json\/wp\/v2\/product_tag?post=465781"}],"curies":[{"name":"wp","href":"https:\/\/api.w.org\/{rel}","templated":true}]}}