{"id":465770,"date":"2023-04-14T16:36:30","date_gmt":"2023-04-14T14:36:30","guid":{"rendered":"https:\/\/lucacastelli.com\/?post_type=product&#038;p=465770"},"modified":"2025-07-20T23:35:50","modified_gmt":"2025-07-20T21:35:50","slug":"ochsenkopf-stahl-spaltkeil","status":"publish","type":"product","link":"https:\/\/lucacastelli.com\/fr\/produit\/ochsenkopf-stahl-spaltkeil\/","title":{"rendered":"OCHSENKOPF Stahl-Spaltkeil"},"content":{"rendered":"<p>Cale solide forg\u00e9e avec rainure de guidage<br \/>\nLes cales en acier sont les plus stables, mais aussi les plus lourdes.<br \/>\n\u00c0 ins\u00e9rer avec un marteau \u00e0 face<br \/>\nsouple Conseils de s\u00e9curit\u00e9 : Ins\u00e9rez toujours les cales en acier avec un marteau en bois dur ou en plastique. Frapper acier sur acier peut entra\u00eener des \u00e9clats. <\/p>\n","protected":false},"excerpt":{"rendered":"<p>Cale solide forg\u00e9e avec rainure de guidage Les cales en acier sont les plus stables, mais aussi les plus lourdes.<\/p>\n","protected":false},"featured_media":55020,"template":"","meta":{"_seopress_robots_primary_cat":"","_seopress_titles_title":"","_seopress_titles_desc":"","_seopress_robots_index":""},"product_brand":[4728],"product_cat":[167,1685],"product_tag":[],"class_list":{"0":"post-465770","1":"product","2":"type-product","3":"status-publish","4":"has-post-thumbnail","6":"product_brand-ochsenkopf-fr","7":"product_cat-machines","8":"product_cat-outils-et-accessoires-forestiers","9":"sws-gruppo-macchinari","10":"sws-conto-ricavi-merci-rivendita-macchinari","11":"sws-gruppo-iva-iva81","13":"first","14":"instock","15":"shipping-taxable","16":"purchasable","17":"product-type-variable"},"_links":{"self":[{"href":"https:\/\/lucacastelli.com\/fr\/wp-json\/wp\/v2\/product\/465770","targetHints":{"allow":["GET"]}}],"collection":[{"href":"https:\/\/lucacastelli.com\/fr\/wp-json\/wp\/v2\/product"}],"about":[{"href":"https:\/\/lucacastelli.com\/fr\/wp-json\/wp\/v2\/types\/product"}],"wp:featuredmedia":[{"embeddable":true,"href":"https:\/\/lucacastelli.com\/fr\/wp-json\/wp\/v2\/media\/55020"}],"wp:attachment":[{"href":"https:\/\/lucacastelli.com\/fr\/wp-json\/wp\/v2\/media?parent=465770"}],"wp:term":[{"taxonomy":"product_brand","embeddable":true,"href":"https:\/\/lucacastelli.com\/fr\/wp-json\/wp\/v2\/product_brand?post=465770"},{"taxonomy":"product_cat","embeddable":true,"href":"https:\/\/lucacastelli.com\/fr\/wp-json\/wp\/v2\/product_cat?post=465770"},{"taxonomy":"product_tag","embeddable":true,"href":"https:\/\/lucacastelli.com\/fr\/wp-json\/wp\/v2\/product_tag?post=465770"}],"curies":[{"name":"wp","href":"https:\/\/api.w.org\/{rel}","templated":true}]}}