{"id":465762,"date":"2023-03-21T13:04:13","date_gmt":"2023-03-21T12:04:13","guid":{"rendered":"https:\/\/lucacastelli.com\/?post_type=product&#038;p=465762"},"modified":"2025-07-20T20:00:12","modified_gmt":"2025-07-20T18:00:12","slug":"tecomec-ketten-entnietgerat","status":"publish","type":"product","link":"https:\/\/lucacastelli.com\/fr\/produit\/tecomec-ketten-entnietgerat\/","title":{"rendered":"TECOMEC Ketten-Entnietger\u00e4t"},"content":{"rendered":"<p>Peut \u00eatre viss\u00e9 pour l\u2019atelier. Structure robuste, facile \u00e0 manipuler. Il permet de riveter et de d\u00e9visser parfaitement les pi\u00e8ces endommag\u00e9es. Complet avec mandrin et enclume. Poids 3500 g.    <\/p>\n","protected":false},"excerpt":{"rendered":"<p>Peut \u00eatre viss\u00e9 pour l\u2019atelier. Structure robuste, facile \u00e0 manipuler. Il permet de riveter et de d\u00e9visser parfaitement les pi\u00e8ces<\/p>\n","protected":false},"featured_media":54995,"template":"","meta":{"_seopress_robots_primary_cat":"","_seopress_titles_title":"","_seopress_titles_desc":"","_seopress_robots_index":""},"product_brand":[4425],"product_cat":[29,484],"product_tag":[],"class_list":{"0":"post-465762","1":"product","2":"type-product","3":"status-publish","4":"has-post-thumbnail","6":"product_brand-tecomec","7":"product_cat-macchinari","8":"product_cat-utensili-e-accessori-forestali","9":"sws-gruppo-macchinari-fr","10":"sws-conto-ricavi-merci-rivendita-macchinari-fr","11":"sws-gruppo-iva-iva81-fr","13":"first","14":"instock","15":"shipping-taxable","16":"purchasable","17":"product-type-simple"},"_links":{"self":[{"href":"https:\/\/lucacastelli.com\/fr\/wp-json\/wp\/v2\/product\/465762","targetHints":{"allow":["GET"]}}],"collection":[{"href":"https:\/\/lucacastelli.com\/fr\/wp-json\/wp\/v2\/product"}],"about":[{"href":"https:\/\/lucacastelli.com\/fr\/wp-json\/wp\/v2\/types\/product"}],"wp:featuredmedia":[{"embeddable":true,"href":"https:\/\/lucacastelli.com\/fr\/wp-json\/wp\/v2\/media\/54995"}],"wp:attachment":[{"href":"https:\/\/lucacastelli.com\/fr\/wp-json\/wp\/v2\/media?parent=465762"}],"wp:term":[{"taxonomy":"product_brand","embeddable":true,"href":"https:\/\/lucacastelli.com\/fr\/wp-json\/wp\/v2\/product_brand?post=465762"},{"taxonomy":"product_cat","embeddable":true,"href":"https:\/\/lucacastelli.com\/fr\/wp-json\/wp\/v2\/product_cat?post=465762"},{"taxonomy":"product_tag","embeddable":true,"href":"https:\/\/lucacastelli.com\/fr\/wp-json\/wp\/v2\/product_tag?post=465762"}],"curies":[{"name":"wp","href":"https:\/\/api.w.org\/{rel}","templated":true}]}}