{"id":465756,"date":"2022-08-12T09:24:11","date_gmt":"2022-08-12T07:24:11","guid":{"rendered":"https:\/\/lucacastelli.com\/?post_type=product&#038;p=465756"},"modified":"2025-07-29T18:51:40","modified_gmt":"2025-07-29T16:51:40","slug":"felco-630","status":"publish","type":"product","link":"https:\/\/lucacastelli.com\/fr\/produit\/felco-630\/","title":{"rendered":"FELCO 630"},"content":{"rendered":"<p>La scie \u00e0 traction FELCO 630 est le choix id\u00e9al pour les travaux de coupe et d&#8217;\u00e9lagage exigeants. La conception innovante de la lame incurv\u00e9e permet de couper facilement des branches jusqu&#8217;\u00e0 12 cm, m\u00eame en cas de coupe au-dessus de la t\u00eate. La denture performante combin\u00e9e \u00e0 la lame incurv\u00e9e optimise toute la longueur de la lame et \u00e9limine rapidement la sciure avec une efficacit\u00e9 exceptionnelle pour des r\u00e9sultats de coupe exceptionnellement propres et r\u00e9guliers. Gr\u00e2ce \u00e0 la vitesse d&#8217;utilisation du FELCO 630, vous avez toutes les chances de terminer la taille avant d&#8217;\u00eatre pr\u00eat \u00e0 vous arr\u00eater.   <\/p>\n<p>Cette tron\u00e7onneuse courbe offre l&#8217;exp\u00e9rience de coupe la plus facile pour les branches de grand diam\u00e8tre, jusqu&#8217;\u00e0 12 cm. Gr\u00e2ce \u00e0 l&#8217;\u00e9vacuation tr\u00e8s efficace de la sciure, qui \u00e9vite les blocages frustrants pendant la coupe, et \u00e0 la vitesse de la longue lame trait\u00e9e par impulsion, vous vous r\u00e9jouirez de la taille. La stabilit\u00e9 de la poign\u00e9e souple et incurv\u00e9e offre un confort sans vibration \u00e0 chaque mouvement. L&#8217;\u00e9tui fourni est dot\u00e9 d&#8217;un syst\u00e8me de verrouillage innovant qui emp\u00eache la scie de tomber, tandis que la bande Velcro incluse maintient la scie en toute s\u00e9curit\u00e9 contre votre jambe. La scie FELCO 630 est con\u00e7ue pour couper facilement les grosses branches, m\u00eame au-dessus de la t\u00eate. Vous vous demanderez comment vous avez pu \u00e9laguer jusqu&#8217;\u00e0 pr\u00e9sent sans cette scie \u00e0 vos c\u00f4t\u00e9s.       <\/p>\n","protected":false},"excerpt":{"rendered":"<p>La scie \u00e0 traction FELCO 630 est le choix id\u00e9al pour les travaux de coupe et d&#8217;\u00e9lagage exigeants. La conception<\/p>\n","protected":false},"featured_media":53508,"template":"","meta":{"_seopress_robots_primary_cat":"","_seopress_titles_title":"","_seopress_titles_desc":"","_seopress_robots_index":""},"product_brand":[5038],"product_cat":[29,484],"product_tag":[],"class_list":{"0":"post-465756","1":"product","2":"type-product","3":"status-publish","4":"has-post-thumbnail","6":"product_brand-felco","7":"product_cat-macchinari","8":"product_cat-utensili-e-accessori-forestali","9":"sws-gruppo-macchinari-fr","10":"sws-conto-ricavi-merci-rivendita-macchinari-fr","11":"sws-gruppo-iva-iva81-fr","13":"first","14":"instock","15":"shipping-taxable","16":"purchasable","17":"product-type-simple"},"_links":{"self":[{"href":"https:\/\/lucacastelli.com\/fr\/wp-json\/wp\/v2\/product\/465756","targetHints":{"allow":["GET"]}}],"collection":[{"href":"https:\/\/lucacastelli.com\/fr\/wp-json\/wp\/v2\/product"}],"about":[{"href":"https:\/\/lucacastelli.com\/fr\/wp-json\/wp\/v2\/types\/product"}],"wp:featuredmedia":[{"embeddable":true,"href":"https:\/\/lucacastelli.com\/fr\/wp-json\/wp\/v2\/media\/53508"}],"wp:attachment":[{"href":"https:\/\/lucacastelli.com\/fr\/wp-json\/wp\/v2\/media?parent=465756"}],"wp:term":[{"taxonomy":"product_brand","embeddable":true,"href":"https:\/\/lucacastelli.com\/fr\/wp-json\/wp\/v2\/product_brand?post=465756"},{"taxonomy":"product_cat","embeddable":true,"href":"https:\/\/lucacastelli.com\/fr\/wp-json\/wp\/v2\/product_cat?post=465756"},{"taxonomy":"product_tag","embeddable":true,"href":"https:\/\/lucacastelli.com\/fr\/wp-json\/wp\/v2\/product_tag?post=465756"}],"curies":[{"name":"wp","href":"https:\/\/api.w.org\/{rel}","templated":true}]}}