{"id":465740,"date":"2022-07-07T12:40:12","date_gmt":"2022-07-07T10:40:12","guid":{"rendered":"https:\/\/lucacastelli.com\/?post_type=product&#038;p=465740"},"modified":"2025-07-29T18:38:40","modified_gmt":"2025-07-29T16:38:40","slug":"insert-en-pvc-pour-bubbles","status":"publish","type":"product","link":"https:\/\/lucacastelli.com\/fr\/produit\/insert-en-pvc-pour-bubbles\/","title":{"rendered":"Insert en PVC pour Bubbles"},"content":{"rendered":"<p>Insert d\u2019impact en plastique de remplacement<\/p>\n<p>Diam\u00e8tre lat\u00e9ral mince = 40 mm<\/p>\n<p>Diam\u00e8tre lat\u00e9ral \u00e9pais = 50 m<\/p>\n","protected":false},"excerpt":{"rendered":"<p>Insert d\u2019impact en plastique de remplacement Diam\u00e8tre lat\u00e9ral mince = 40 mm Diam\u00e8tre lat\u00e9ral \u00e9pais = 50 m<\/p>\n","protected":false},"featured_media":53305,"template":"","meta":{"_seopress_robots_primary_cat":"","_seopress_titles_title":"","_seopress_titles_desc":"","_seopress_robots_index":""},"product_brand":[4383],"product_cat":[29,484],"product_tag":[],"class_list":{"0":"post-465740","1":"product","2":"type-product","3":"status-publish","4":"has-post-thumbnail","6":"product_brand-ochsenkopf","7":"product_cat-macchinari","8":"product_cat-utensili-e-accessori-forestali","9":"sws-gruppo-macchinari-fr","10":"sws-conto-ricavi-merci-rivendita-macchinari-fr","11":"sws-gruppo-iva-iva81-fr","13":"first","14":"onbackorder","15":"shipping-taxable","16":"purchasable","17":"product-type-simple"},"_links":{"self":[{"href":"https:\/\/lucacastelli.com\/fr\/wp-json\/wp\/v2\/product\/465740","targetHints":{"allow":["GET"]}}],"collection":[{"href":"https:\/\/lucacastelli.com\/fr\/wp-json\/wp\/v2\/product"}],"about":[{"href":"https:\/\/lucacastelli.com\/fr\/wp-json\/wp\/v2\/types\/product"}],"wp:featuredmedia":[{"embeddable":true,"href":"https:\/\/lucacastelli.com\/fr\/wp-json\/wp\/v2\/media\/53305"}],"wp:attachment":[{"href":"https:\/\/lucacastelli.com\/fr\/wp-json\/wp\/v2\/media?parent=465740"}],"wp:term":[{"taxonomy":"product_brand","embeddable":true,"href":"https:\/\/lucacastelli.com\/fr\/wp-json\/wp\/v2\/product_brand?post=465740"},{"taxonomy":"product_cat","embeddable":true,"href":"https:\/\/lucacastelli.com\/fr\/wp-json\/wp\/v2\/product_cat?post=465740"},{"taxonomy":"product_tag","embeddable":true,"href":"https:\/\/lucacastelli.com\/fr\/wp-json\/wp\/v2\/product_tag?post=465740"}],"curies":[{"name":"wp","href":"https:\/\/api.w.org\/{rel}","templated":true}]}}