{"id":465713,"date":"2022-06-10T08:42:06","date_gmt":"2022-06-10T06:42:06","guid":{"rendered":"https:\/\/lucacastelli.com\/?post_type=product&#038;p=465713"},"modified":"2025-07-20T18:28:54","modified_gmt":"2025-07-20T16:28:54","slug":"zeintra-rateau-500-k","status":"publish","type":"product","link":"https:\/\/lucacastelli.com\/fr\/produit\/zeintra-rateau-500-k\/","title":{"rendered":"ZEINTRA R\u00e2teau 500 K"},"content":{"rendered":"<p>Mod\u00e8le Zeintra 500K Rake Combat<br \/>\nAvec sa peinture bleue r\u00e9sistante aux rayures, vous ne trouverez rien de tel dans sa gamme de prix.<\/p>\n<p>Avec ses dents en ruban d\u2019acier robustes et solides, il est con\u00e7u pour des ann\u00e9es d\u2019utilisation.<\/p>\n<p>Le r\u00e2teau est \u00e9quip\u00e9 d\u2019un manche en pin FSC de 120 cm de long et d\u2019un diam\u00e8tre de 24 mm.<\/p>\n<p>Les chiffres cl\u00e9s de l\u2019andaineur Zeintra 500K en un coup d\u2019\u0153il :<\/p>\n<p>Largeur de travail : 43 cm<\/p>\n<p>Longueur de la poign\u00e9e&nbsp;: 120 cm<\/p>\n<p>Nombre de griffes : 22 griffes plates en bande d\u2019acier 6,5 x 0,8 mm<\/p>\n<p>Longueur de la dent : 15,5 cm<\/p>\n","protected":false},"excerpt":{"rendered":"<p>Mod\u00e8le Zeintra 500K Rake Combat Avec sa peinture bleue r\u00e9sistante aux rayures, vous ne trouverez rien de tel dans sa<\/p>\n","protected":false},"featured_media":49732,"template":"","meta":{"_seopress_robots_primary_cat":"none","_seopress_titles_title":"","_seopress_titles_desc":"","_seopress_robots_index":""},"product_brand":[4416],"product_cat":[167,1685],"product_tag":[],"class_list":{"0":"post-465713","1":"product","2":"type-product","3":"status-publish","4":"has-post-thumbnail","6":"product_brand-zeintra-fr","7":"product_cat-machines","8":"product_cat-outils-et-accessoires-forestiers","9":"sws-gruppo-macchinari","10":"sws-conto-ricavi-merci-rivendita-macchinari","11":"sws-gruppo-iva-iva81","13":"first","14":"onbackorder","15":"shipping-taxable","16":"purchasable","17":"product-type-simple"},"_links":{"self":[{"href":"https:\/\/lucacastelli.com\/fr\/wp-json\/wp\/v2\/product\/465713","targetHints":{"allow":["GET"]}}],"collection":[{"href":"https:\/\/lucacastelli.com\/fr\/wp-json\/wp\/v2\/product"}],"about":[{"href":"https:\/\/lucacastelli.com\/fr\/wp-json\/wp\/v2\/types\/product"}],"wp:featuredmedia":[{"embeddable":true,"href":"https:\/\/lucacastelli.com\/fr\/wp-json\/wp\/v2\/media\/49732"}],"wp:attachment":[{"href":"https:\/\/lucacastelli.com\/fr\/wp-json\/wp\/v2\/media?parent=465713"}],"wp:term":[{"taxonomy":"product_brand","embeddable":true,"href":"https:\/\/lucacastelli.com\/fr\/wp-json\/wp\/v2\/product_brand?post=465713"},{"taxonomy":"product_cat","embeddable":true,"href":"https:\/\/lucacastelli.com\/fr\/wp-json\/wp\/v2\/product_cat?post=465713"},{"taxonomy":"product_tag","embeddable":true,"href":"https:\/\/lucacastelli.com\/fr\/wp-json\/wp\/v2\/product_tag?post=465713"}],"curies":[{"name":"wp","href":"https:\/\/api.w.org\/{rel}","templated":true}]}}