{"id":465706,"date":"2025-06-01T02:38:26","date_gmt":"2025-06-01T00:38:26","guid":{"rendered":"https:\/\/lucacastelli.com\/prodotto\/hache-forestiere-universelle\/"},"modified":"2025-06-01T02:38:26","modified_gmt":"2025-06-01T00:38:26","slug":"hache-forestiere-universelle","status":"publish","type":"product","link":"https:\/\/lucacastelli.com\/fr\/produit\/hache-forestiere-universelle\/","title":{"rendered":"Hache foresti\u00e8re universelle"},"content":{"rendered":"<p>Utilisation universelle dans les travaux forestiers et de jardinage. T\u00eate enti\u00e8rement polie. Avec poign\u00e9e en hickory, 70 cm, avec collier de protection et plaque de s\u00e9curit\u00e9.<br \/>\n795711379940  <\/p>\n","protected":false},"excerpt":{"rendered":"<p>Hache foresti\u00e8re universelle<\/p>\n","protected":false},"featured_media":425238,"template":"","meta":{"_seopress_robots_primary_cat":"","_seopress_titles_title":"","_seopress_titles_desc":"","_seopress_robots_index":""},"product_brand":[3555],"product_cat":[167,1685],"product_tag":[3267],"class_list":{"0":"post-465706","1":"product","2":"type-product","3":"status-publish","4":"has-post-thumbnail","6":"product_brand-stihl-fr","7":"product_cat-machines","8":"product_cat-outils-et-accessoires-forestiers","9":"product_tag-import-stihl-fr","10":"sws-gruppo-macchinari-fr","11":"sws-conto-ricavi-merci-rivendita-macchinari-fr","12":"sws-gruppo-iva-iva81-fr","14":"first","15":"onbackorder","16":"purchasable","17":"product-type-simple"},"_links":{"self":[{"href":"https:\/\/lucacastelli.com\/fr\/wp-json\/wp\/v2\/product\/465706","targetHints":{"allow":["GET"]}}],"collection":[{"href":"https:\/\/lucacastelli.com\/fr\/wp-json\/wp\/v2\/product"}],"about":[{"href":"https:\/\/lucacastelli.com\/fr\/wp-json\/wp\/v2\/types\/product"}],"wp:featuredmedia":[{"embeddable":true,"href":"https:\/\/lucacastelli.com\/fr\/wp-json\/wp\/v2\/media\/425238"}],"wp:attachment":[{"href":"https:\/\/lucacastelli.com\/fr\/wp-json\/wp\/v2\/media?parent=465706"}],"wp:term":[{"taxonomy":"product_brand","embeddable":true,"href":"https:\/\/lucacastelli.com\/fr\/wp-json\/wp\/v2\/product_brand?post=465706"},{"taxonomy":"product_cat","embeddable":true,"href":"https:\/\/lucacastelli.com\/fr\/wp-json\/wp\/v2\/product_cat?post=465706"},{"taxonomy":"product_tag","embeddable":true,"href":"https:\/\/lucacastelli.com\/fr\/wp-json\/wp\/v2\/product_tag?post=465706"}],"curies":[{"name":"wp","href":"https:\/\/api.w.org\/{rel}","templated":true}]}}