{"id":465699,"date":"2025-06-01T02:37:57","date_gmt":"2025-06-01T00:37:57","guid":{"rendered":"https:\/\/lucacastelli.com\/prodotto\/spray-de-marquage-eco-500ml-vert\/"},"modified":"2025-06-01T02:37:57","modified_gmt":"2025-06-01T00:37:57","slug":"spray-de-marquage-eco-500ml-vert","status":"publish","type":"product","link":"https:\/\/lucacastelli.com\/fr\/produit\/spray-de-marquage-eco-500ml-vert\/","title":{"rendered":"Spray de marquage ECO, 500ml, vert"},"content":{"rendered":"<p>Couleur de qualit\u00e9, antigel, respectueuse de l\u2019environnement et durable avec une pigmentation fluorescente intense et une grande opacit\u00e9. Extr\u00eamement r\u00e9sistant et visible pendant longtemps, m\u00eame sur des surfaces humides et gel\u00e9es. Liant 100&nbsp;% biod\u00e9gradable et produit \u00e0 partir de mati\u00e8res premi\u00e8res in\u00e9puisables. Presque inodore et performances maximales. R\u00e9compens\u00e9 par le KWF.<br \/>\n795711413187    <\/p>\n","protected":false},"excerpt":{"rendered":"<p>Spray de marquage ECO, 500ml, vert<\/p>\n","protected":false},"featured_media":437956,"template":"","meta":{"_seopress_robots_primary_cat":"","_seopress_titles_title":"","_seopress_titles_desc":"","_seopress_robots_index":""},"product_brand":[3555],"product_cat":[167,1685],"product_tag":[3267],"class_list":{"0":"post-465699","1":"product","2":"type-product","3":"status-publish","4":"has-post-thumbnail","6":"product_brand-stihl-fr","7":"product_cat-machines","8":"product_cat-outils-et-accessoires-forestiers","9":"product_tag-import-stihl-fr","10":"sws-gruppo-macchinari-fr","11":"sws-conto-ricavi-merci-rivendita-macchinari-fr","12":"sws-gruppo-iva-iva81-fr","14":"first","15":"onbackorder","16":"purchasable","17":"product-type-simple"},"_links":{"self":[{"href":"https:\/\/lucacastelli.com\/fr\/wp-json\/wp\/v2\/product\/465699","targetHints":{"allow":["GET"]}}],"collection":[{"href":"https:\/\/lucacastelli.com\/fr\/wp-json\/wp\/v2\/product"}],"about":[{"href":"https:\/\/lucacastelli.com\/fr\/wp-json\/wp\/v2\/types\/product"}],"wp:featuredmedia":[{"embeddable":true,"href":"https:\/\/lucacastelli.com\/fr\/wp-json\/wp\/v2\/media\/437956"}],"wp:attachment":[{"href":"https:\/\/lucacastelli.com\/fr\/wp-json\/wp\/v2\/media?parent=465699"}],"wp:term":[{"taxonomy":"product_brand","embeddable":true,"href":"https:\/\/lucacastelli.com\/fr\/wp-json\/wp\/v2\/product_brand?post=465699"},{"taxonomy":"product_cat","embeddable":true,"href":"https:\/\/lucacastelli.com\/fr\/wp-json\/wp\/v2\/product_cat?post=465699"},{"taxonomy":"product_tag","embeddable":true,"href":"https:\/\/lucacastelli.com\/fr\/wp-json\/wp\/v2\/product_tag?post=465699"}],"curies":[{"name":"wp","href":"https:\/\/api.w.org\/{rel}","templated":true}]}}