{"id":465696,"date":"2025-06-01T02:37:34","date_gmt":"2025-06-01T00:37:34","guid":{"rendered":"https:\/\/lucacastelli.com\/prodotto\/spray-de-marquage-eco-500ml-rouge\/"},"modified":"2026-03-02T11:23:56","modified_gmt":"2026-03-02T10:23:56","slug":"spray-de-marquage-eco-500ml-rouge","status":"publish","type":"product","link":"https:\/\/lucacastelli.com\/fr\/produit\/spray-de-marquage-eco-500ml-rouge\/","title":{"rendered":"STIHL Spray de marquage ECO, 500 ml, rouge"},"content":{"rendered":"<p>Peinture de qualit\u00e9, antigel, \u00e9cologique et durable avec pigmentation fluorescente intense et grand pouvoir couvrant. Extr\u00eamement r\u00e9sistant et visible longtemps m\u00eame sur sol humide et gel\u00e9. Liant 100 % biod\u00e9gradable et fabriqu\u00e9 \u00e0 partir de mati\u00e8res premi\u00e8res renouvelables. Pratiquement inodore et d&#8217;un rendement maximal. Certifi\u00e9 KWF.<br \/>\n795711413163    <\/p>\n","protected":false},"excerpt":{"rendered":"<p>Spray de marquage ECO, 500 ml, rouge<\/p>\n","protected":false},"featured_media":437950,"template":"","meta":{"_seopress_robots_primary_cat":"none","_seopress_titles_title":"","_seopress_titles_desc":"","_seopress_robots_index":""},"product_brand":[3555],"product_cat":[167,1685],"product_tag":[3267],"class_list":{"0":"post-465696","1":"product","2":"type-product","3":"status-publish","4":"has-post-thumbnail","6":"product_brand-stihl-fr","7":"product_cat-machines","8":"product_cat-outils-et-accessoires-forestiers","9":"product_tag-import-stihl-fr","10":"sws-gruppo-macchinari-fr","11":"sws-conto-ricavi-merci-rivendita-macchinari-fr","12":"sws-gruppo-iva-iva81-fr","14":"first","15":"onbackorder","16":"purchasable","17":"product-type-simple"},"_links":{"self":[{"href":"https:\/\/lucacastelli.com\/fr\/wp-json\/wp\/v2\/product\/465696","targetHints":{"allow":["GET"]}}],"collection":[{"href":"https:\/\/lucacastelli.com\/fr\/wp-json\/wp\/v2\/product"}],"about":[{"href":"https:\/\/lucacastelli.com\/fr\/wp-json\/wp\/v2\/types\/product"}],"wp:featuredmedia":[{"embeddable":true,"href":"https:\/\/lucacastelli.com\/fr\/wp-json\/wp\/v2\/media\/437950"}],"wp:attachment":[{"href":"https:\/\/lucacastelli.com\/fr\/wp-json\/wp\/v2\/media?parent=465696"}],"wp:term":[{"taxonomy":"product_brand","embeddable":true,"href":"https:\/\/lucacastelli.com\/fr\/wp-json\/wp\/v2\/product_brand?post=465696"},{"taxonomy":"product_cat","embeddable":true,"href":"https:\/\/lucacastelli.com\/fr\/wp-json\/wp\/v2\/product_cat?post=465696"},{"taxonomy":"product_tag","embeddable":true,"href":"https:\/\/lucacastelli.com\/fr\/wp-json\/wp\/v2\/product_tag?post=465696"}],"curies":[{"name":"wp","href":"https:\/\/api.w.org\/{rel}","templated":true}]}}