{"id":465684,"date":"2025-06-01T02:37:21","date_gmt":"2025-06-01T00:37:21","guid":{"rendered":"https:\/\/lucacastelli.com\/prodotto\/portagesso\/"},"modified":"2025-06-01T02:37:21","modified_gmt":"2025-06-01T00:37:21","slug":"portagesso","status":"publish","type":"product","link":"https:\/\/lucacastelli.com\/fr\/produit\/portagesso\/","title":{"rendered":"Portagesso"},"content":{"rendered":"<p>Nouvelle version en couleur de signalisation. Serrage m\u00e9tallique pour pl\u00e2tre, bo\u00eetier extr\u00eamement robuste et r\u00e9sistant aux chocs (ABS), pour pl\u00e2tre de \u00d8 11 \u00e0 12 mm.<br \/>\n795711963637 <\/p>\n","protected":false},"excerpt":{"rendered":"<p>Portagesso<\/p>\n","protected":false},"featured_media":437940,"template":"","meta":{"_seopress_robots_primary_cat":"","_seopress_titles_title":"","_seopress_titles_desc":"","_seopress_robots_index":""},"product_brand":[3555],"product_cat":[167,1685],"product_tag":[3267],"class_list":{"0":"post-465684","1":"product","2":"type-product","3":"status-publish","4":"has-post-thumbnail","6":"product_brand-stihl-fr","7":"product_cat-machines","8":"product_cat-outils-et-accessoires-forestiers","9":"product_tag-import-stihl-fr","10":"sws-gruppo-macchinari-fr","11":"sws-conto-ricavi-merci-rivendita-macchinari-fr","12":"sws-gruppo-iva-iva81-fr","14":"first","15":"onbackorder","16":"purchasable","17":"product-type-simple"},"_links":{"self":[{"href":"https:\/\/lucacastelli.com\/fr\/wp-json\/wp\/v2\/product\/465684","targetHints":{"allow":["GET"]}}],"collection":[{"href":"https:\/\/lucacastelli.com\/fr\/wp-json\/wp\/v2\/product"}],"about":[{"href":"https:\/\/lucacastelli.com\/fr\/wp-json\/wp\/v2\/types\/product"}],"wp:featuredmedia":[{"embeddable":true,"href":"https:\/\/lucacastelli.com\/fr\/wp-json\/wp\/v2\/media\/437940"}],"wp:attachment":[{"href":"https:\/\/lucacastelli.com\/fr\/wp-json\/wp\/v2\/media?parent=465684"}],"wp:term":[{"taxonomy":"product_brand","embeddable":true,"href":"https:\/\/lucacastelli.com\/fr\/wp-json\/wp\/v2\/product_brand?post=465684"},{"taxonomy":"product_cat","embeddable":true,"href":"https:\/\/lucacastelli.com\/fr\/wp-json\/wp\/v2\/product_cat?post=465684"},{"taxonomy":"product_tag","embeddable":true,"href":"https:\/\/lucacastelli.com\/fr\/wp-json\/wp\/v2\/product_tag?post=465684"}],"curies":[{"name":"wp","href":"https:\/\/api.w.org\/{rel}","templated":true}]}}