{"id":465676,"date":"2025-06-01T02:36:36","date_gmt":"2025-06-01T00:36:36","guid":{"rendered":"https:\/\/lucacastelli.com\/prodotto\/scie-a-branche-pr-24\/"},"modified":"2025-06-27T08:09:27","modified_gmt":"2025-06-27T06:09:27","slug":"scie-a-branche-pr-24","status":"publish","type":"product","link":"https:\/\/lucacastelli.com\/fr\/produit\/scie-a-branche-pr-24\/","title":{"rendered":"Scie \u00e0 branche PR 24"},"content":{"rendered":"<p>Pour scier avec rapidit\u00e9 et pr\u00e9cision. Dents japonaises triplement aff\u00fbt\u00e9es et tremp\u00e9es par impulsion, acier chrom\u00e9, forme de lame conique, poign\u00e9e ergonomique \u00e0 deux composants, rev\u00eatement anticorrosion, pochette de montage adapt\u00e9e aux droitiers et aux gauchers.<br \/>\n886661106004 <\/p>\n","protected":false},"excerpt":{"rendered":"<p>Scie \u00e0 branche PR 24<\/p>\n","protected":false},"featured_media":425197,"template":"","meta":{"_seopress_robots_primary_cat":"","_seopress_titles_title":"","_seopress_titles_desc":"","_seopress_robots_index":""},"product_brand":[3366],"product_cat":[29,484],"product_tag":[3265],"class_list":{"0":"post-465676","1":"product","2":"type-product","3":"status-publish","4":"has-post-thumbnail","6":"product_brand-stihl","7":"product_cat-macchinari","8":"product_cat-utensili-e-accessori-forestali","9":"product_tag-import-stihl","10":"sws-gruppo-macchinari-fr","11":"sws-conto-ricavi-merci-rivendita-macchinari-fr","12":"sws-gruppo-iva-iva81-fr","14":"first","15":"onbackorder","16":"purchasable","17":"product-type-simple"},"_links":{"self":[{"href":"https:\/\/lucacastelli.com\/fr\/wp-json\/wp\/v2\/product\/465676","targetHints":{"allow":["GET"]}}],"collection":[{"href":"https:\/\/lucacastelli.com\/fr\/wp-json\/wp\/v2\/product"}],"about":[{"href":"https:\/\/lucacastelli.com\/fr\/wp-json\/wp\/v2\/types\/product"}],"wp:featuredmedia":[{"embeddable":true,"href":"https:\/\/lucacastelli.com\/fr\/wp-json\/wp\/v2\/media\/425197"}],"wp:attachment":[{"href":"https:\/\/lucacastelli.com\/fr\/wp-json\/wp\/v2\/media?parent=465676"}],"wp:term":[{"taxonomy":"product_brand","embeddable":true,"href":"https:\/\/lucacastelli.com\/fr\/wp-json\/wp\/v2\/product_brand?post=465676"},{"taxonomy":"product_cat","embeddable":true,"href":"https:\/\/lucacastelli.com\/fr\/wp-json\/wp\/v2\/product_cat?post=465676"},{"taxonomy":"product_tag","embeddable":true,"href":"https:\/\/lucacastelli.com\/fr\/wp-json\/wp\/v2\/product_tag?post=465676"}],"curies":[{"name":"wp","href":"https:\/\/api.w.org\/{rel}","templated":true}]}}