{"id":465673,"date":"2025-06-01T02:36:27","date_gmt":"2025-06-01T00:36:27","guid":{"rendered":"https:\/\/lucacastelli.com\/prodotto\/cisailles-de-jardin-f10-pour-gauchers\/"},"modified":"2025-06-01T02:36:27","modified_gmt":"2025-06-01T00:36:27","slug":"cisailles-de-jardin-f10-pour-gauchers","status":"publish","type":"product","link":"https:\/\/lucacastelli.com\/fr\/produit\/cisailles-de-jardin-f10-pour-gauchers\/","title":{"rendered":"Cisailles de jardin F10 pour gauchers"},"content":{"rendered":"<p>21 cm, 290 g, branche \u00d8 jusqu\u2019\u00e0 25 mm. Le mod\u00e8le confort en version byby. T\u00eate de coupe compacte, poign\u00e9e rotative pour un travail facile, rev\u00eatement antid\u00e9rapant des poign\u00e9es, poign\u00e9es forg\u00e9es.<br \/>\n886661187423 <\/p>\n","protected":false},"excerpt":{"rendered":"<p>Cisailles de jardin F10 pour gauchers<\/p>\n","protected":false},"featured_media":437932,"template":"","meta":{"_seopress_robots_primary_cat":"","_seopress_titles_title":"","_seopress_titles_desc":"","_seopress_robots_index":""},"product_brand":[3555],"product_cat":[167,1685],"product_tag":[3267],"class_list":{"0":"post-465673","1":"product","2":"type-product","3":"status-publish","4":"has-post-thumbnail","6":"product_brand-stihl-fr","7":"product_cat-machines","8":"product_cat-outils-et-accessoires-forestiers","9":"product_tag-import-stihl-fr","10":"sws-gruppo-macchinari-fr","11":"sws-conto-ricavi-merci-rivendita-macchinari-fr","12":"sws-gruppo-iva-iva81-fr","14":"first","15":"onbackorder","16":"product-type-simple"},"_links":{"self":[{"href":"https:\/\/lucacastelli.com\/fr\/wp-json\/wp\/v2\/product\/465673","targetHints":{"allow":["GET"]}}],"collection":[{"href":"https:\/\/lucacastelli.com\/fr\/wp-json\/wp\/v2\/product"}],"about":[{"href":"https:\/\/lucacastelli.com\/fr\/wp-json\/wp\/v2\/types\/product"}],"wp:featuredmedia":[{"embeddable":true,"href":"https:\/\/lucacastelli.com\/fr\/wp-json\/wp\/v2\/media\/437932"}],"wp:attachment":[{"href":"https:\/\/lucacastelli.com\/fr\/wp-json\/wp\/v2\/media?parent=465673"}],"wp:term":[{"taxonomy":"product_brand","embeddable":true,"href":"https:\/\/lucacastelli.com\/fr\/wp-json\/wp\/v2\/product_brand?post=465673"},{"taxonomy":"product_cat","embeddable":true,"href":"https:\/\/lucacastelli.com\/fr\/wp-json\/wp\/v2\/product_cat?post=465673"},{"taxonomy":"product_tag","embeddable":true,"href":"https:\/\/lucacastelli.com\/fr\/wp-json\/wp\/v2\/product_tag?post=465673"}],"curies":[{"name":"wp","href":"https:\/\/api.w.org\/{rel}","templated":true}]}}