{"id":465667,"date":"2025-06-01T02:36:21","date_gmt":"2025-06-01T00:36:21","guid":{"rendered":"https:\/\/lucacastelli.com\/prodotto\/cisailles-de-jardin-f9-pour-gauchers\/"},"modified":"2025-06-01T02:36:21","modified_gmt":"2025-06-01T00:36:21","slug":"cisailles-de-jardin-f9-pour-gauchers","status":"publish","type":"product","link":"https:\/\/lucacastelli.com\/fr\/produit\/cisailles-de-jardin-f9-pour-gauchers\/","title":{"rendered":"Cisailles de jardin F9 pour gauchers"},"content":{"rendered":"<p>21 cm, 245 g, branche \u00d8 jusqu\u2019\u00e0 25 mm. Pour les branches d\u2019une certaine \u00e9paisseur, en ex\u00e9cution byby. T\u00eate de coupe coud\u00e9e et donc ergonomique, rev\u00eatement antid\u00e9rapant des poign\u00e9es, poign\u00e9es forg\u00e9es.<br \/>\n886661187416 <\/p>\n","protected":false},"excerpt":{"rendered":"<p>Cisailles de jardin F9 pour gauchers<\/p>\n","protected":false},"featured_media":437928,"template":"","meta":{"_seopress_robots_primary_cat":"","_seopress_titles_title":"","_seopress_titles_desc":"","_seopress_robots_index":""},"product_brand":[3366],"product_cat":[29,484],"product_tag":[3265],"class_list":{"0":"post-465667","1":"product","2":"type-product","3":"status-publish","4":"has-post-thumbnail","6":"product_brand-stihl","7":"product_cat-macchinari","8":"product_cat-utensili-e-accessori-forestali","9":"product_tag-import-stihl","10":"sws-gruppo-macchinari-fr","11":"sws-conto-ricavi-merci-rivendita-macchinari-fr","12":"sws-gruppo-iva-iva81-fr","14":"first","15":"onbackorder","16":"purchasable","17":"product-type-simple"},"_links":{"self":[{"href":"https:\/\/lucacastelli.com\/fr\/wp-json\/wp\/v2\/product\/465667","targetHints":{"allow":["GET"]}}],"collection":[{"href":"https:\/\/lucacastelli.com\/fr\/wp-json\/wp\/v2\/product"}],"about":[{"href":"https:\/\/lucacastelli.com\/fr\/wp-json\/wp\/v2\/types\/product"}],"wp:featuredmedia":[{"embeddable":true,"href":"https:\/\/lucacastelli.com\/fr\/wp-json\/wp\/v2\/media\/437928"}],"wp:attachment":[{"href":"https:\/\/lucacastelli.com\/fr\/wp-json\/wp\/v2\/media?parent=465667"}],"wp:term":[{"taxonomy":"product_brand","embeddable":true,"href":"https:\/\/lucacastelli.com\/fr\/wp-json\/wp\/v2\/product_brand?post=465667"},{"taxonomy":"product_cat","embeddable":true,"href":"https:\/\/lucacastelli.com\/fr\/wp-json\/wp\/v2\/product_cat?post=465667"},{"taxonomy":"product_tag","embeddable":true,"href":"https:\/\/lucacastelli.com\/fr\/wp-json\/wp\/v2\/product_tag?post=465667"}],"curies":[{"name":"wp","href":"https:\/\/api.w.org\/{rel}","templated":true}]}}