{"id":465661,"date":"2025-06-01T02:36:15","date_gmt":"2025-06-01T00:36:15","guid":{"rendered":"https:\/\/lucacastelli.com\/prodotto\/cisailles-de-jardin-f8\/"},"modified":"2026-03-02T11:24:45","modified_gmt":"2026-03-02T10:24:45","slug":"cisailles-de-jardin-f8","status":"publish","type":"product","link":"https:\/\/lucacastelli.com\/fr\/produit\/cisailles-de-jardin-f8\/","title":{"rendered":"S\u00e9cateur STIHL F8"},"content":{"rendered":"<p>21 cm, 245 g, \u00d8 de branche jusqu\u2019\u00e0 25 mm. Pour branches d\u2019une certaine \u00e9paisseur, mod\u00e8le bypass. T\u00eate de coupe inclin\u00e9e et donc ergonomique, rev\u00eatement antid\u00e9rapant des poign\u00e9es, manches forg\u00e9s.<br \/>\n886661187409 <\/p>\n","protected":false},"excerpt":{"rendered":"<p>S\u00e9cateur F8<\/p>\n","protected":false},"featured_media":425181,"template":"","meta":{"_seopress_robots_primary_cat":"","_seopress_titles_title":"","_seopress_titles_desc":"","_seopress_robots_index":""},"product_brand":[3366],"product_cat":[29,484],"product_tag":[3265],"class_list":{"0":"post-465661","1":"product","2":"type-product","3":"status-publish","4":"has-post-thumbnail","6":"product_brand-stihl","7":"product_cat-macchinari","8":"product_cat-utensili-e-accessori-forestali","9":"product_tag-import-stihl","10":"sws-gruppo-macchinari-fr","11":"sws-conto-ricavi-merci-rivendita-macchinari-fr","12":"sws-gruppo-iva-iva81-fr","14":"first","15":"onbackorder","16":"purchasable","17":"product-type-simple"},"_links":{"self":[{"href":"https:\/\/lucacastelli.com\/fr\/wp-json\/wp\/v2\/product\/465661","targetHints":{"allow":["GET"]}}],"collection":[{"href":"https:\/\/lucacastelli.com\/fr\/wp-json\/wp\/v2\/product"}],"about":[{"href":"https:\/\/lucacastelli.com\/fr\/wp-json\/wp\/v2\/types\/product"}],"wp:featuredmedia":[{"embeddable":true,"href":"https:\/\/lucacastelli.com\/fr\/wp-json\/wp\/v2\/media\/425181"}],"wp:attachment":[{"href":"https:\/\/lucacastelli.com\/fr\/wp-json\/wp\/v2\/media?parent=465661"}],"wp:term":[{"taxonomy":"product_brand","embeddable":true,"href":"https:\/\/lucacastelli.com\/fr\/wp-json\/wp\/v2\/product_brand?post=465661"},{"taxonomy":"product_cat","embeddable":true,"href":"https:\/\/lucacastelli.com\/fr\/wp-json\/wp\/v2\/product_cat?post=465661"},{"taxonomy":"product_tag","embeddable":true,"href":"https:\/\/lucacastelli.com\/fr\/wp-json\/wp\/v2\/product_tag?post=465661"}],"curies":[{"name":"wp","href":"https:\/\/api.w.org\/{rel}","templated":true}]}}