{"id":465654,"date":"2025-06-01T02:36:10","date_gmt":"2025-06-01T00:36:10","guid":{"rendered":"https:\/\/lucacastelli.com\/prodotto\/cisailles-de-jardin-f2\/"},"modified":"2025-06-01T02:36:10","modified_gmt":"2025-06-01T00:36:10","slug":"cisailles-de-jardin-f2","status":"publish","type":"product","link":"https:\/\/lucacastelli.com\/fr\/produit\/cisailles-de-jardin-f2\/","title":{"rendered":"Cisailles de jardin F2"},"content":{"rendered":"<p>21,5 cm, 240 g, branche \u00d8 jusqu\u2019\u00e0 25 mm. Cisaillement universel en ex\u00e9cution byby. Amortisseurs, rev\u00eatement antid\u00e9rapant des poign\u00e9es, poign\u00e9es forg\u00e9es.<br \/>\n886661187379 <\/p>\n","protected":false},"excerpt":{"rendered":"<p>Cisailles de jardin F2<\/p>\n","protected":false},"featured_media":425167,"template":"","meta":{"_seopress_robots_primary_cat":"","_seopress_titles_title":"","_seopress_titles_desc":"","_seopress_robots_index":""},"product_brand":[3555],"product_cat":[167,1685],"product_tag":[3267],"class_list":{"0":"post-465654","1":"product","2":"type-product","3":"status-publish","4":"has-post-thumbnail","6":"product_brand-stihl-fr","7":"product_cat-machines","8":"product_cat-outils-et-accessoires-forestiers","9":"product_tag-import-stihl-fr","10":"sws-gruppo-macchinari-fr","11":"sws-conto-ricavi-merci-rivendita-macchinari-fr","12":"sws-gruppo-iva-iva81-fr","14":"first","15":"onbackorder","16":"purchasable","17":"product-type-simple"},"_links":{"self":[{"href":"https:\/\/lucacastelli.com\/fr\/wp-json\/wp\/v2\/product\/465654","targetHints":{"allow":["GET"]}}],"collection":[{"href":"https:\/\/lucacastelli.com\/fr\/wp-json\/wp\/v2\/product"}],"about":[{"href":"https:\/\/lucacastelli.com\/fr\/wp-json\/wp\/v2\/types\/product"}],"wp:featuredmedia":[{"embeddable":true,"href":"https:\/\/lucacastelli.com\/fr\/wp-json\/wp\/v2\/media\/425167"}],"wp:attachment":[{"href":"https:\/\/lucacastelli.com\/fr\/wp-json\/wp\/v2\/media?parent=465654"}],"wp:term":[{"taxonomy":"product_brand","embeddable":true,"href":"https:\/\/lucacastelli.com\/fr\/wp-json\/wp\/v2\/product_brand?post=465654"},{"taxonomy":"product_cat","embeddable":true,"href":"https:\/\/lucacastelli.com\/fr\/wp-json\/wp\/v2\/product_cat?post=465654"},{"taxonomy":"product_tag","embeddable":true,"href":"https:\/\/lucacastelli.com\/fr\/wp-json\/wp\/v2\/product_tag?post=465654"}],"curies":[{"name":"wp","href":"https:\/\/api.w.org\/{rel}","templated":true}]}}