{"id":465645,"date":"2025-06-01T02:35:45","date_gmt":"2025-06-01T00:35:45","guid":{"rendered":"https:\/\/lucacastelli.com\/prodotto\/pierre-a-aiguiser-pour-laffutage-et-le-polissage\/"},"modified":"2025-06-01T02:35:45","modified_gmt":"2025-06-01T00:35:45","slug":"pierre-a-aiguiser-pour-laffutage-et-le-polissage","status":"publish","type":"product","link":"https:\/\/lucacastelli.com\/fr\/produit\/pierre-a-aiguiser-pour-laffutage-et-le-polissage\/","title":{"rendered":"Pierre \u00e0 aiguiser pour l\u2019aff\u00fbtage et le polissage"},"content":{"rendered":"<p>Pour tous les travaux d\u2019aff\u00fbtage et d\u2019\u00e9bavurage. Deux faces avec grain grossier et grain fin. Peut \u00eatre utilis\u00e9 avec de l\u2019eau et de l\u2019huile. Convient pour les cisailles \u00e0 branches, les cisailles de jardin, les cisailles \u00e0 haies ainsi que pour l\u2019aff\u00fbtage final des serpes, des \u00e9corceuses et des hachettes.<br \/>\n795711379421   <\/p>\n","protected":false},"excerpt":{"rendered":"<p>Pierre \u00e0 aiguiser pour l\u2019aff\u00fbtage et le polissage<\/p>\n","protected":false},"featured_media":425150,"template":"","meta":{"_seopress_robots_primary_cat":"","_seopress_titles_title":"","_seopress_titles_desc":"","_seopress_robots_index":""},"product_brand":[3366],"product_cat":[29,484],"product_tag":[3265],"class_list":{"0":"post-465645","1":"product","2":"type-product","3":"status-publish","4":"has-post-thumbnail","6":"product_brand-stihl","7":"product_cat-macchinari","8":"product_cat-utensili-e-accessori-forestali","9":"product_tag-import-stihl","10":"sws-gruppo-macchinari-fr","11":"sws-conto-ricavi-merci-rivendita-macchinari-fr","12":"sws-gruppo-iva-iva81-fr","14":"first","15":"onbackorder","16":"purchasable","17":"product-type-simple"},"_links":{"self":[{"href":"https:\/\/lucacastelli.com\/fr\/wp-json\/wp\/v2\/product\/465645","targetHints":{"allow":["GET"]}}],"collection":[{"href":"https:\/\/lucacastelli.com\/fr\/wp-json\/wp\/v2\/product"}],"about":[{"href":"https:\/\/lucacastelli.com\/fr\/wp-json\/wp\/v2\/types\/product"}],"wp:featuredmedia":[{"embeddable":true,"href":"https:\/\/lucacastelli.com\/fr\/wp-json\/wp\/v2\/media\/425150"}],"wp:attachment":[{"href":"https:\/\/lucacastelli.com\/fr\/wp-json\/wp\/v2\/media?parent=465645"}],"wp:term":[{"taxonomy":"product_brand","embeddable":true,"href":"https:\/\/lucacastelli.com\/fr\/wp-json\/wp\/v2\/product_brand?post=465645"},{"taxonomy":"product_cat","embeddable":true,"href":"https:\/\/lucacastelli.com\/fr\/wp-json\/wp\/v2\/product_cat?post=465645"},{"taxonomy":"product_tag","embeddable":true,"href":"https:\/\/lucacastelli.com\/fr\/wp-json\/wp\/v2\/product_tag?post=465645"}],"curies":[{"name":"wp","href":"https:\/\/api.w.org\/{rel}","templated":true}]}}