{"id":465637,"date":"2025-06-01T02:35:18","date_gmt":"2025-06-01T00:35:18","guid":{"rendered":"https:\/\/lucacastelli.com\/prodotto\/roue-metrique-15-m-de-long\/"},"modified":"2025-06-28T03:56:30","modified_gmt":"2025-06-28T01:56:30","slug":"roue-metrique-15-m-de-long","status":"publish","type":"product","link":"https:\/\/lucacastelli.com\/fr\/produit\/roue-metrique-15-m-de-long\/","title":{"rendered":"STIHL Roue m\u00e9trique, 15 m de long"},"content":{"rendered":"<p>Roue m\u00e9trique en m\u00e9tal tr\u00e8s robuste. Disponible en trois longueurs diff\u00e9rentes : 15 m, 20 m et 25 m. Version en plastique, longueur 15 m. Disponible en tant qu\u2019accessoire, le support (Ref.0000 881 0701) adapt\u00e9 \u00e0 toutes les roulettes m\u00e9triques STIHL.<br \/>\n795711000844   <\/p>\n","protected":false},"excerpt":{"rendered":"<p>Roue m\u00e9trique, 15 m de long<\/p>\n","protected":false},"featured_media":455927,"template":"","meta":{"_seopress_robots_primary_cat":"","_seopress_titles_title":"","_seopress_titles_desc":"","_seopress_robots_index":""},"product_brand":[3366],"product_cat":[29,484],"product_tag":[3265],"class_list":{"0":"post-465637","1":"product","2":"type-product","3":"status-publish","4":"has-post-thumbnail","6":"product_brand-stihl","7":"product_cat-macchinari","8":"product_cat-utensili-e-accessori-forestali","9":"product_tag-import-stihl","10":"sws-gruppo-macchinari-fr","11":"sws-conto-ricavi-merci-rivendita-macchinari-fr","12":"sws-gruppo-iva-iva81-fr","14":"first","15":"onbackorder","16":"purchasable","17":"product-type-simple"},"_links":{"self":[{"href":"https:\/\/lucacastelli.com\/fr\/wp-json\/wp\/v2\/product\/465637","targetHints":{"allow":["GET"]}}],"collection":[{"href":"https:\/\/lucacastelli.com\/fr\/wp-json\/wp\/v2\/product"}],"about":[{"href":"https:\/\/lucacastelli.com\/fr\/wp-json\/wp\/v2\/types\/product"}],"wp:featuredmedia":[{"embeddable":true,"href":"https:\/\/lucacastelli.com\/fr\/wp-json\/wp\/v2\/media\/455927"}],"wp:attachment":[{"href":"https:\/\/lucacastelli.com\/fr\/wp-json\/wp\/v2\/media?parent=465637"}],"wp:term":[{"taxonomy":"product_brand","embeddable":true,"href":"https:\/\/lucacastelli.com\/fr\/wp-json\/wp\/v2\/product_brand?post=465637"},{"taxonomy":"product_cat","embeddable":true,"href":"https:\/\/lucacastelli.com\/fr\/wp-json\/wp\/v2\/product_cat?post=465637"},{"taxonomy":"product_tag","embeddable":true,"href":"https:\/\/lucacastelli.com\/fr\/wp-json\/wp\/v2\/product_tag?post=465637"}],"curies":[{"name":"wp","href":"https:\/\/api.w.org\/{rel}","templated":true}]}}