{"id":465611,"date":"2025-06-01T00:39:21","date_gmt":"2025-05-31T22:39:21","guid":{"rendered":"https:\/\/lucacastelli.com\/prodotto\/systeme-de-sac-a-dos-rts-ht\/"},"modified":"2025-06-28T19:09:59","modified_gmt":"2025-06-28T17:09:59","slug":"systeme-de-sac-a-dos-rts-ht","status":"publish","type":"product","link":"https:\/\/lucacastelli.com\/fr\/produit\/systeme-de-sac-a-dos-rts-ht\/","title":{"rendered":"STIHL Syst\u00e8me de sac \u00e0 dos RTS-HT"},"content":{"rendered":"<p>Le syst\u00e8me innovant pour les appareils mont\u00e9s sur l\u2019\u00e9paule permet un travail particuli\u00e8rement ergonomique et sans fatigue. Pour HT 101, HT 131 et HT 85.<br \/>\n795711338565 <\/p>\n","protected":false},"excerpt":{"rendered":"<p>Syst\u00e8me de sac \u00e0 dos RTS-HT<\/p>\n","protected":false},"featured_media":430529,"template":"","meta":{"_seopress_robots_primary_cat":"none","_seopress_titles_title":"","_seopress_titles_desc":"","_seopress_robots_index":""},"product_brand":[3555],"product_cat":[167,1690],"product_tag":[3267],"class_list":{"0":"post-465611","1":"product","2":"type-product","3":"status-publish","4":"has-post-thumbnail","6":"product_brand-stihl-fr","7":"product_cat-machines","8":"product_cat-taille-haies-et-elagueurs","9":"product_tag-import-stihl-fr","10":"sws-gruppo-macchinari-fr","11":"sws-conto-ricavi-merci-rivendita-macchinari-fr","12":"sws-gruppo-iva-iva81-fr","14":"first","15":"onbackorder","16":"purchasable","17":"product-type-simple"},"_links":{"self":[{"href":"https:\/\/lucacastelli.com\/fr\/wp-json\/wp\/v2\/product\/465611","targetHints":{"allow":["GET"]}}],"collection":[{"href":"https:\/\/lucacastelli.com\/fr\/wp-json\/wp\/v2\/product"}],"about":[{"href":"https:\/\/lucacastelli.com\/fr\/wp-json\/wp\/v2\/types\/product"}],"wp:featuredmedia":[{"embeddable":true,"href":"https:\/\/lucacastelli.com\/fr\/wp-json\/wp\/v2\/media\/430529"}],"wp:attachment":[{"href":"https:\/\/lucacastelli.com\/fr\/wp-json\/wp\/v2\/media?parent=465611"}],"wp:term":[{"taxonomy":"product_brand","embeddable":true,"href":"https:\/\/lucacastelli.com\/fr\/wp-json\/wp\/v2\/product_brand?post=465611"},{"taxonomy":"product_cat","embeddable":true,"href":"https:\/\/lucacastelli.com\/fr\/wp-json\/wp\/v2\/product_cat?post=465611"},{"taxonomy":"product_tag","embeddable":true,"href":"https:\/\/lucacastelli.com\/fr\/wp-json\/wp\/v2\/product_tag?post=465611"}],"curies":[{"name":"wp","href":"https:\/\/api.w.org\/{rel}","templated":true}]}}