{"id":465610,"date":"2025-06-01T00:38:29","date_gmt":"2025-05-31T22:38:29","guid":{"rendered":"https:\/\/lucacastelli.com\/prodotto\/ht-135\/"},"modified":"2025-06-28T19:10:35","modified_gmt":"2025-06-28T17:10:35","slug":"ht-135","status":"publish","type":"product","link":"https:\/\/lucacastelli.com\/fr\/produit\/ht-135\/","title":{"rendered":"STIHL HT 135"},"content":{"rendered":"<p>L\u2019\u00e9lagueur-\u00e9lagueur \u00e0 essence STIHL le plus puissant avec moteur STIHL 4-MIX\u00ae pour les professionnels de l\u2019entretien des arbres, des vergers et des municipalit\u00e9s. Pour l\u2019\u00e9branchage des arbres, l\u2019enl\u00e8vement du bois mort ou des dommages caus\u00e9s par les temp\u00eates et pour l\u2019\u00e9lagage des arbres fruitiers. Cha\u00eene PM3 1\/4&#8243;, engrenage l\u00e9ger et compact avec griffe robuste en forme de crochet. Perche t\u00e9lescopique professionnelle particuli\u00e8rement rigide avec r\u00e9glage rapide pour une gravure et une coupe pr\u00e9cises. Longueur totale 270 390 cm.<br \/>\n886661517176    <\/p>\n<p>Cylindr\u00e9e 36.3<br \/>\nPuissance Puissance<\/p>\n<p>Puissance Puissance Puissance<br \/>\n1,90<br \/>\nCO2 836<\/p>\n","protected":false},"excerpt":{"rendered":"<p>HT 135<\/p>\n","protected":false},"featured_media":430470,"template":"","meta":{"_seopress_robots_primary_cat":"","_seopress_titles_title":"","_seopress_titles_desc":"","_seopress_robots_index":""},"product_brand":[3555],"product_cat":[167,1627,1690],"product_tag":[3267],"class_list":{"0":"post-465610","1":"product","2":"type-product","3":"status-publish","4":"has-post-thumbnail","6":"product_brand-stihl-fr","7":"product_cat-machines","8":"product_cat-taille-haies-et-elagueuses-a-moteur","9":"product_cat-taille-haies-et-elagueurs","10":"product_tag-import-stihl-fr","11":"sws-gruppo-macchinari-fr","12":"sws-conto-ricavi-merci-rivendita-macchinari-fr","13":"sws-gruppo-iva-iva81-fr","15":"first","16":"onbackorder","17":"purchasable","18":"product-type-simple"},"_links":{"self":[{"href":"https:\/\/lucacastelli.com\/fr\/wp-json\/wp\/v2\/product\/465610","targetHints":{"allow":["GET"]}}],"collection":[{"href":"https:\/\/lucacastelli.com\/fr\/wp-json\/wp\/v2\/product"}],"about":[{"href":"https:\/\/lucacastelli.com\/fr\/wp-json\/wp\/v2\/types\/product"}],"wp:featuredmedia":[{"embeddable":true,"href":"https:\/\/lucacastelli.com\/fr\/wp-json\/wp\/v2\/media\/430470"}],"wp:attachment":[{"href":"https:\/\/lucacastelli.com\/fr\/wp-json\/wp\/v2\/media?parent=465610"}],"wp:term":[{"taxonomy":"product_brand","embeddable":true,"href":"https:\/\/lucacastelli.com\/fr\/wp-json\/wp\/v2\/product_brand?post=465610"},{"taxonomy":"product_cat","embeddable":true,"href":"https:\/\/lucacastelli.com\/fr\/wp-json\/wp\/v2\/product_cat?post=465610"},{"taxonomy":"product_tag","embeddable":true,"href":"https:\/\/lucacastelli.com\/fr\/wp-json\/wp\/v2\/product_tag?post=465610"}],"curies":[{"name":"wp","href":"https:\/\/api.w.org\/{rel}","templated":true}]}}