{"id":465573,"date":"2025-06-01T00:56:15","date_gmt":"2025-05-31T22:56:15","guid":{"rendered":"https:\/\/lucacastelli.com\/prodotto\/hla-66-sans-batterie-ni-chargeur\/"},"modified":"2026-03-02T10:09:15","modified_gmt":"2026-03-02T09:09:15","slug":"hla-66-sans-batterie-ni-chargeur","status":"publish","type":"product","link":"https:\/\/lucacastelli.com\/fr\/produit\/hla-66-sans-batterie-ni-chargeur\/","title":{"rendered":"STIHL HLA 66, sans batterie ni chargeur"},"content":{"rendered":"<p>Taille-haie \u00e0 batterie l\u00e9ger pour la taille de haies, d\u2019arbustes et de plantes au ras du sol. Barre de coupe r\u00e9glable \u00e0 115\u00b0 sans outil pour la coupe lat\u00e9rale, au sol et en hauteur. Lames aff\u00fbt\u00e9es des deux c\u00f4t\u00e9s pour une coupe nette.<br \/>\n886661900923  <\/p>\n<p>Tension nominale 36<br \/>\nPuissance absorb\u00e9e Puissance absorb\u00e9e<\/p>\n<p>Puissance Puissance<br \/>\nBatterie conseill\u00e9e AP 200<br \/>\nSyst\u00e8me \u00e0 batterie AP<\/p>\n","protected":false},"excerpt":{"rendered":"<p>HLA 66, sans batterie ni chargeur<\/p>\n","protected":false},"featured_media":431355,"template":"","meta":{"_seopress_robots_primary_cat":"","_seopress_titles_title":"","_seopress_titles_desc":"","_seopress_robots_index":""},"product_brand":[3366],"product_cat":[29,282,267],"product_tag":[3265],"class_list":{"0":"post-465573","1":"product","2":"type-product","3":"status-publish","4":"has-post-thumbnail","6":"product_brand-stihl","7":"product_cat-macchinari","8":"product_cat-tosasiepi-e-potatori-a-batteria","9":"product_cat-tosasiepi-e-potatori","10":"product_tag-import-stihl","11":"sws-gruppo-macchinari-fr","12":"sws-conto-ricavi-merci-rivendita-macchinari-fr","13":"sws-gruppo-iva-iva81-fr","15":"first","16":"onbackorder","17":"purchasable","18":"product-type-simple"},"_links":{"self":[{"href":"https:\/\/lucacastelli.com\/fr\/wp-json\/wp\/v2\/product\/465573","targetHints":{"allow":["GET"]}}],"collection":[{"href":"https:\/\/lucacastelli.com\/fr\/wp-json\/wp\/v2\/product"}],"about":[{"href":"https:\/\/lucacastelli.com\/fr\/wp-json\/wp\/v2\/types\/product"}],"wp:featuredmedia":[{"embeddable":true,"href":"https:\/\/lucacastelli.com\/fr\/wp-json\/wp\/v2\/media\/431355"}],"wp:attachment":[{"href":"https:\/\/lucacastelli.com\/fr\/wp-json\/wp\/v2\/media?parent=465573"}],"wp:term":[{"taxonomy":"product_brand","embeddable":true,"href":"https:\/\/lucacastelli.com\/fr\/wp-json\/wp\/v2\/product_brand?post=465573"},{"taxonomy":"product_cat","embeddable":true,"href":"https:\/\/lucacastelli.com\/fr\/wp-json\/wp\/v2\/product_cat?post=465573"},{"taxonomy":"product_tag","embeddable":true,"href":"https:\/\/lucacastelli.com\/fr\/wp-json\/wp\/v2\/product_tag?post=465573"}],"curies":[{"name":"wp","href":"https:\/\/api.w.org\/{rel}","templated":true}]}}